{"id":9486,"date":"2016-02-08T14:57:58","date_gmt":"2016-02-08T14:57:58","guid":{"rendered":"https:\/\/jafep.com\/?post_type=product&#038;p=9486"},"modified":"2025-03-31T13:59:35","modified_gmt":"2025-03-31T13:59:35","slug":"super-86-acrilico-tinta-aquosa-mate","status":"publish","type":"product","link":"https:\/\/jafep.com\/pt-pt\/producto\/super-86-acrilico-tinta-aquosa-mate\/","title":{"rendered":"S\u00faper 86 Acr\u00edlico com tecnolog\u00eda Easy Clean"},"content":{"rendered":"<p>Tinta aquosa de alta qualidade, feita com resinas de emuls\u00e3o acr\u00edlica. Com uma brancura excecional, cobertura, m\u00ednimo salpico na aplica\u00e7\u00e3o e excelente desempenho. Para acabamentos de qualidade em interiores e muito bons resultados no exterior. Incorpora na sua formula\u00e7\u00e3o aditivos e conservantes espec\u00edficos que proporcionam uma excelente prote\u00e7\u00e3o contra os bolores, tanto a h\u00famido como ap\u00f3s a aplica\u00e7\u00e3o da tinta.<\/p>\n<p>A sua caracter\u00edstica mais not\u00e1vel \u00e9 a sua absor\u00e7\u00e3o m\u00ednima, que \u00e9 combinada com a sua muito boa capacidade de lavagem com um pano h\u00famido e em poucas passagens. <\/p>\n","protected":false},"excerpt":{"rendered":"<p>Tinta Aquosa Mate com tecnologia Easy Clean <\/p>\n","protected":false},"featured_media":82731,"comment_status":"closed","ping_status":"closed","template":"","meta":{"_acf_changed":false,"_links_to":"","_links_to_target":""},"product_brand":[],"product_cat":[1346,1024],"product_tag":[],"class_list":{"0":"post-9486","1":"product","2":"type-product","3":"status-publish","4":"has-post-thumbnail","6":"product_cat-mate-super-86-pt-pt","7":"product_cat-pinturas-plasticas-pt-pt","8":"pa_formatos-15l-pt-pt","9":"pa_formatos-4l-pt-pt","10":"pa_herramientas-airless-pt-pt","11":"pa_herramientas-brocha-esmalte-barniz-acrilico-microfibra-pt-pt","12":"pa_herramientas-pistola-pt-pt","13":"pa_herramientas-rodillo-esmalte-barniz-sintetico-y-acrilico-100-espuma-densidad-60-pt-pt","14":"pa_iconos-37-rendimiento-de-9-a-12-m2l-pt-pt","15":"pa_iconos-45-exterior-interior-pt-pt","16":"pa_iconos-50-extra-mate-85o-pt-pt","17":"pa_iconos-61-lavabilidad-nivel-2-pt-pt","18":"pa_iconos-base-agua-pt-pt","19":"pa_iconos-conservante-antimoho-sitema-atmh-pt-pt","20":"pa_iconos-extra-mate-pt-pt","21":"pa_iconos-mate4-5-pt-pt","23":"first","24":"instock","25":"shipping-taxable","26":"product-type-simple"},"acf":[],"_links":{"self":[{"href":"https:\/\/jafep.com\/pt-pt\/wp-json\/wp\/v2\/product\/9486","targetHints":{"allow":["GET"]}}],"collection":[{"href":"https:\/\/jafep.com\/pt-pt\/wp-json\/wp\/v2\/product"}],"about":[{"href":"https:\/\/jafep.com\/pt-pt\/wp-json\/wp\/v2\/types\/product"}],"replies":[{"embeddable":true,"href":"https:\/\/jafep.com\/pt-pt\/wp-json\/wp\/v2\/comments?post=9486"}],"wp:featuredmedia":[{"embeddable":true,"href":"https:\/\/jafep.com\/pt-pt\/wp-json\/wp\/v2\/media\/82731"}],"wp:attachment":[{"href":"https:\/\/jafep.com\/pt-pt\/wp-json\/wp\/v2\/media?parent=9486"}],"wp:term":[{"taxonomy":"product_brand","embeddable":true,"href":"https:\/\/jafep.com\/pt-pt\/wp-json\/wp\/v2\/product_brand?post=9486"},{"taxonomy":"product_cat","embeddable":true,"href":"https:\/\/jafep.com\/pt-pt\/wp-json\/wp\/v2\/product_cat?post=9486"},{"taxonomy":"product_tag","embeddable":true,"href":"https:\/\/jafep.com\/pt-pt\/wp-json\/wp\/v2\/product_tag?post=9486"}],"curies":[{"name":"wp","href":"https:\/\/api.w.org\/{rel}","templated":true}]}}