{"id":8806,"date":"2019-04-03T07:08:50","date_gmt":"2019-04-03T07:08:50","guid":{"rendered":"https:\/\/jafep.com\/?post_type=product&#038;p=8806"},"modified":"2025-04-02T06:54:02","modified_gmt":"2025-04-02T06:54:02","slug":"pintura-plastica-mate-interior-p-d-tr-multicolor-300-2","status":"publish","type":"product","link":"https:\/\/jafep.com\/pt-pt\/producto\/pintura-plastica-mate-interior-p-d-tr-multicolor-300-2\/","title":{"rendered":"Pintura Pl\u00e1stica Mate &#8211; interior-P-D-TR Multicolor 300"},"content":{"rendered":"<p>Pintura pl\u00e1stica acr\u00edlica de excelente calidad, especialmente dise\u00f1ada en tres bases, P, D y TR para los sistemas tintom\u00e9tricos Multicolor Jafep para obtener acabados en diferentes tonos de color. Para todo tipo de trabajos de decoraci\u00f3n, restauraci\u00f3n y mantenimiento en interiores. <\/p>\n","protected":false},"excerpt":{"rendered":"<p>Pintura pl\u00e1stica acr\u00edlica de excelente calidad, especialmente dise\u00f1ada en tres bases, P, D y TR para los sistemas tintom\u00e9tricos Multicolor Jafep para obtener acabados en diferentes tonos de color. Para todo tipo de trabajos de decoraci\u00f3n, restauraci\u00f3n y mantenimiento en interiores.<\/p>\n","protected":false},"featured_media":82917,"comment_status":"closed","ping_status":"closed","template":"","meta":{"_acf_changed":false,"_links_to":"","_links_to_target":""},"product_brand":[],"product_cat":[78,37],"product_tag":[],"class_list":{"0":"post-8806","1":"product","2":"type-product","3":"status-publish","4":"has-post-thumbnail","6":"product_cat-bases-sistema-multicolor","7":"product_cat-sistemas-tintometricos","8":"pa_herramientas-airless","9":"pa_herramientas-brocha","10":"pa_herramientas-pistola","11":"pa_herramientas-rodillo","12":"pa_iconos-rendimiento-de-8-a-10-m2kg","13":"pa_iconos-base-agua","14":"pa_iconos-brocha-rodillo-pistola","15":"pa_iconos-conservante-antimoho-sitema-atmh","16":"pa_iconos-interior","17":"pa_iconos-lavabilidad-nivel-2","18":"pa_iconos-mate","19":"pa_iconos-mate3","21":"first","22":"instock","23":"shipping-taxable","24":"product-type-simple"},"acf":[],"_links":{"self":[{"href":"https:\/\/jafep.com\/pt-pt\/wp-json\/wp\/v2\/product\/8806","targetHints":{"allow":["GET"]}}],"collection":[{"href":"https:\/\/jafep.com\/pt-pt\/wp-json\/wp\/v2\/product"}],"about":[{"href":"https:\/\/jafep.com\/pt-pt\/wp-json\/wp\/v2\/types\/product"}],"replies":[{"embeddable":true,"href":"https:\/\/jafep.com\/pt-pt\/wp-json\/wp\/v2\/comments?post=8806"}],"wp:featuredmedia":[{"embeddable":true,"href":"https:\/\/jafep.com\/pt-pt\/wp-json\/wp\/v2\/media\/82917"}],"wp:attachment":[{"href":"https:\/\/jafep.com\/pt-pt\/wp-json\/wp\/v2\/media?parent=8806"}],"wp:term":[{"taxonomy":"product_brand","embeddable":true,"href":"https:\/\/jafep.com\/pt-pt\/wp-json\/wp\/v2\/product_brand?post=8806"},{"taxonomy":"product_cat","embeddable":true,"href":"https:\/\/jafep.com\/pt-pt\/wp-json\/wp\/v2\/product_cat?post=8806"},{"taxonomy":"product_tag","embeddable":true,"href":"https:\/\/jafep.com\/pt-pt\/wp-json\/wp\/v2\/product_tag?post=8806"}],"curies":[{"name":"wp","href":"https:\/\/api.w.org\/{rel}","templated":true}]}}