{"id":87504,"date":"2024-11-21T14:36:18","date_gmt":"2024-11-21T14:36:18","guid":{"rendered":"https:\/\/jafep.com\/producto\/protetor-mineral\/"},"modified":"2026-04-27T10:55:55","modified_gmt":"2026-04-27T08:55:55","slug":"protetor-mineral","status":"publish","type":"product","link":"https:\/\/jafep.com\/pt-pt\/producto\/protetor-mineral\/","title":{"rendered":"Protetor Mineral"},"content":{"rendered":"<p>Protetor para superf\u00edcies minerais e bet\u00f5es, mesmo com baixa absor\u00e7\u00e3o, que n\u00e3o altera o aspeto original do suporte. Penetra em profundidade, consolidando o material, e proporciona impermeabiliza\u00e7\u00e3o mediante um eficaz efeito hidr\u00f3fugo, protegendo contra a humidade e a sujidade. <\/p>\n","protected":false},"excerpt":{"rendered":"<p>Protetor para superf\u00edcies minerais e bet\u00f5es, mesmo com baixa absor\u00e7\u00e3o, que n\u00e3o altera o aspeto original do suporte. Penetra em profundidade, consolidando o material, e proporciona impermeabiliza\u00e7\u00e3o mediante um eficaz efeito hidr\u00f3fugo, protegendo contra a humidade e a sujidade.<\/p>\n","protected":false},"featured_media":85659,"comment_status":"closed","ping_status":"closed","template":"","meta":{"_acf_changed":false,"_links_to":"","_links_to_target":""},"product_brand":[],"product_cat":[1065,1516,1586,1313,472,1514,1588],"product_tag":[],"class_list":{"0":"post-87504","1":"product","2":"type-product","3":"status-publish","4":"has-post-thumbnail","6":"product_cat-exteriores-pt-pt","7":"product_cat-humidade","8":"product_cat-impermeabilizacao","9":"product_cat-linha-anti-humidade","10":"product_cat-productos-complementares","11":"product_cat-reparar-resolver-problemas","12":"product_cat-zonas-muito-humidas","13":"pa_iconos-41-brocha-rodillo-pistola-pt-pt","14":"pa_iconos-45-exterior-interior-pt-pt","15":"pa_iconos-base-agua-pt-pt","16":"pa_iconos-nanotec-pt-pt","17":"pa_iconos-rendimiento-4-6-m2-l-pt-pt","19":"first","20":"instock","21":"shipping-taxable","22":"product-type-simple"},"acf":[],"_links":{"self":[{"href":"https:\/\/jafep.com\/pt-pt\/wp-json\/wp\/v2\/product\/87504","targetHints":{"allow":["GET"]}}],"collection":[{"href":"https:\/\/jafep.com\/pt-pt\/wp-json\/wp\/v2\/product"}],"about":[{"href":"https:\/\/jafep.com\/pt-pt\/wp-json\/wp\/v2\/types\/product"}],"replies":[{"embeddable":true,"href":"https:\/\/jafep.com\/pt-pt\/wp-json\/wp\/v2\/comments?post=87504"}],"wp:featuredmedia":[{"embeddable":true,"href":"https:\/\/jafep.com\/pt-pt\/wp-json\/wp\/v2\/media\/85659"}],"wp:attachment":[{"href":"https:\/\/jafep.com\/pt-pt\/wp-json\/wp\/v2\/media?parent=87504"}],"wp:term":[{"taxonomy":"product_brand","embeddable":true,"href":"https:\/\/jafep.com\/pt-pt\/wp-json\/wp\/v2\/product_brand?post=87504"},{"taxonomy":"product_cat","embeddable":true,"href":"https:\/\/jafep.com\/pt-pt\/wp-json\/wp\/v2\/product_cat?post=87504"},{"taxonomy":"product_tag","embeddable":true,"href":"https:\/\/jafep.com\/pt-pt\/wp-json\/wp\/v2\/product_tag?post=87504"}],"curies":[{"name":"wp","href":"https:\/\/api.w.org\/{rel}","templated":true}]}}