{"id":87495,"date":"2025-07-06T16:44:35","date_gmt":"2025-07-06T14:44:35","guid":{"rendered":"https:\/\/jafep.com\/producto\/tinta-de-cal\/"},"modified":"2026-04-23T17:18:45","modified_gmt":"2026-04-23T15:18:45","slug":"tinta-de-cal","status":"publish","type":"product","link":"https:\/\/jafep.com\/pt-pt\/producto\/tinta-de-cal\/","title":{"rendered":"Tinta de cal"},"content":{"rendered":"<p class=\"MsoNormal\">Tinta de cal 100% com aspeto mineral, formulada \u00e0 base de cal a\u00e9rea pura selecionada CL 90-S. Apresenta um acabamento mate profundo, \u00e9 altamente respir\u00e1vel, evitando a condensa\u00e7\u00e3o, e respeita o ambiente. Recomenda-se para a decora\u00e7\u00e3o de suportes civis e hist\u00f3ricos, bem como para interiores de moradias onde se procurem estas caracter\u00edsticas, proporcionando ainda uma prote\u00e7\u00e3o natural contra a prolifera\u00e7\u00e3o de bolores e microrganismos. O seu efeito higrosc\u00f3pico ajuda a regular a humidade ambiental interior, absorvendo o excesso e libertando-a quando o ambiente est\u00e1 seco.   <\/p>\n","protected":false},"excerpt":{"rendered":"<p>Tinta de cal 100% com aspeto mineral, formulada \u00e0 base de cal a\u00e9rea pura selecionada CL 90-S. Apresenta um acabamento mate profundo, \u00e9 altamente respir\u00e1vel, evitando a condensa\u00e7\u00e3o, e respeita o ambiente. Recomenda-se para a decora\u00e7\u00e3o de suportes civis e hist\u00f3ricos, bem como para interiores de moradias onde se procurem estas caracter\u00edsticas, proporcionando ainda uma&#8230;<\/p>\n","protected":false},"featured_media":86011,"comment_status":"closed","ping_status":"closed","template":"","meta":{"_acf_changed":false,"_links_to":"","_links_to_target":""},"product_brand":[],"product_cat":[1024,516],"product_tag":[],"class_list":{"0":"post-87495","1":"product","2":"type-product","3":"status-publish","4":"has-post-thumbnail","6":"product_cat-pinturas-plasticas-pt-pt","7":"product_cat-usos-especiais","8":"pa_iconos-0-covs","9":"pa_iconos-41-brocha-rodillo-pistola-pt-pt","10":"pa_iconos-antibolor-natural","11":"pa_iconos-base-agua-pt-pt","12":"pa_iconos-mate-profundo-pt-pt","13":"pa_iconos-purifica-absorvendo-co2","14":"pa_iconos-rendimiento-7-9-m2l-pt-pt","15":"pa_iconos-transpiravel","17":"first","18":"instock","19":"shipping-taxable","20":"product-type-simple"},"acf":[],"_links":{"self":[{"href":"https:\/\/jafep.com\/pt-pt\/wp-json\/wp\/v2\/product\/87495","targetHints":{"allow":["GET"]}}],"collection":[{"href":"https:\/\/jafep.com\/pt-pt\/wp-json\/wp\/v2\/product"}],"about":[{"href":"https:\/\/jafep.com\/pt-pt\/wp-json\/wp\/v2\/types\/product"}],"replies":[{"embeddable":true,"href":"https:\/\/jafep.com\/pt-pt\/wp-json\/wp\/v2\/comments?post=87495"}],"wp:featuredmedia":[{"embeddable":true,"href":"https:\/\/jafep.com\/pt-pt\/wp-json\/wp\/v2\/media\/86011"}],"wp:attachment":[{"href":"https:\/\/jafep.com\/pt-pt\/wp-json\/wp\/v2\/media?parent=87495"}],"wp:term":[{"taxonomy":"product_brand","embeddable":true,"href":"https:\/\/jafep.com\/pt-pt\/wp-json\/wp\/v2\/product_brand?post=87495"},{"taxonomy":"product_cat","embeddable":true,"href":"https:\/\/jafep.com\/pt-pt\/wp-json\/wp\/v2\/product_cat?post=87495"},{"taxonomy":"product_tag","embeddable":true,"href":"https:\/\/jafep.com\/pt-pt\/wp-json\/wp\/v2\/product_tag?post=87495"}],"curies":[{"name":"wp","href":"https:\/\/api.w.org\/{rel}","templated":true}]}}