{"id":86534,"date":"2025-08-04T07:33:51","date_gmt":"2025-08-04T05:33:51","guid":{"rendered":"https:\/\/jafep.com\/producto\/eliminador-de-adesivos-em-gel\/"},"modified":"2025-09-11T13:38:38","modified_gmt":"2025-09-11T11:38:38","slug":"eliminador-de-adesivos-em-gel","status":"publish","type":"product","link":"https:\/\/jafep.com\/pt-pt\/producto\/eliminador-de-adesivos-em-gel\/","title":{"rendered":"Eliminador de Adesivos em Gel"},"content":{"rendered":"<p>Gel decapante de alta efic\u00e1cia para a remo\u00e7\u00e3o de adesivos, silicones, tintas e pinturas. Atua rapidamente, \u00e9 f\u00e1cil de aplicar e n\u00e3o escorre devido \u00e0 sua consist\u00eancia gelatinosa.<\/p>\n","protected":false},"excerpt":{"rendered":"<p>Gel decapante de alta efic\u00e1cia para a remo\u00e7\u00e3o de adesivos, silicones, tintas e pinturas. Atua rapidamente, \u00e9 f\u00e1cil de aplicar e n\u00e3o escorre devido \u00e0 sua consist\u00eancia gelatinosa.<\/p>\n","protected":false},"featured_media":86375,"comment_status":"open","ping_status":"closed","template":"","meta":{"_acf_changed":false,"_links_to":"","_links_to_target":""},"product_brand":[],"product_cat":[1246,1304,1517,1554,1514],"product_tag":[],"class_list":{"0":"post-86534","1":"product","2":"type-product","3":"status-publish","4":"has-post-thumbnail","6":"product_cat-before-paint-pt-pt","7":"product_cat-complementos-pt-pt-4","8":"product_cat-manchas-pt-pt","9":"product_cat-remover-gotele-ou-pintura-antiga","10":"product_cat-reparar-resolver-problemas","11":"pa_formatos-1l-pt-pt","12":"pa_formatos-5l-pt-pt","13":"pa_herramientas-brocha-pt-pt","14":"pa_iconos-rendimiento-4-7-m2-l-pt-pt","16":"first","17":"instock","18":"shipping-taxable","19":"product-type-simple"},"acf":[],"_links":{"self":[{"href":"https:\/\/jafep.com\/pt-pt\/wp-json\/wp\/v2\/product\/86534","targetHints":{"allow":["GET"]}}],"collection":[{"href":"https:\/\/jafep.com\/pt-pt\/wp-json\/wp\/v2\/product"}],"about":[{"href":"https:\/\/jafep.com\/pt-pt\/wp-json\/wp\/v2\/types\/product"}],"replies":[{"embeddable":true,"href":"https:\/\/jafep.com\/pt-pt\/wp-json\/wp\/v2\/comments?post=86534"}],"wp:featuredmedia":[{"embeddable":true,"href":"https:\/\/jafep.com\/pt-pt\/wp-json\/wp\/v2\/media\/86375"}],"wp:attachment":[{"href":"https:\/\/jafep.com\/pt-pt\/wp-json\/wp\/v2\/media?parent=86534"}],"wp:term":[{"taxonomy":"product_brand","embeddable":true,"href":"https:\/\/jafep.com\/pt-pt\/wp-json\/wp\/v2\/product_brand?post=86534"},{"taxonomy":"product_cat","embeddable":true,"href":"https:\/\/jafep.com\/pt-pt\/wp-json\/wp\/v2\/product_cat?post=86534"},{"taxonomy":"product_tag","embeddable":true,"href":"https:\/\/jafep.com\/pt-pt\/wp-json\/wp\/v2\/product_tag?post=86534"}],"curies":[{"name":"wp","href":"https:\/\/api.w.org\/{rel}","templated":true}]}}