{"id":86211,"date":"2025-07-25T12:04:28","date_gmt":"2025-07-25T10:04:28","guid":{"rendered":"https:\/\/jafep.com\/?post_type=product&#038;p=86211"},"modified":"2026-03-27T12:43:48","modified_gmt":"2026-03-27T11:43:48","slug":"jafeguard-pintura-acrilica-con-conservante-atmh","status":"publish","type":"product","link":"https:\/\/jafep.com\/pt-pt\/producto\/jafeguard-pintura-acrilica-con-conservante-atmh\/","title":{"rendered":"Jafeguard Pintura Acr\u00edlica con Iones de Plata y Tecnolog\u00eda EasyClean"},"content":{"rendered":"<p>Pintura en base agua de gran cubrici\u00f3n y excelente acabado, para el pintado de paredes y techos en interior. Gracias a la incorporaci\u00f3n de iones de plata, un conservante antimicrobiano duradero y muy activo, previene el desarrollo y proliferaci\u00f3n de las bacterias que se depositan en la pintura. Contiene conservante antimoho para la protecci\u00f3n de la pel\u00edcula.<br \/>\nAdem\u00e1s incorpora la Tecnolog\u00eda EasyClean desarrollada por Jafep, que funciona evitando la absorci\u00f3n de manchas en la pintura, facilitando as\u00ed su limpieza con una sencilla pasada de un trapo h\u00famedo y sin necesidad de frotar, contribuyendo a mantener en el tiempo sus excelentes propiedades.<br \/>\nEsto lo convierte en una de las alternativas m\u00e1s higi\u00e9nicas para revestir paredes y techos de cualquier estancia.<\/p>\n","protected":false},"excerpt":{"rendered":"<p>Pintura en base agua de gran cubrici\u00f3n y excelente acabado, para el pintado de paredes y techos en interior. Gracias a la incorporaci\u00f3n de iones de plata, un conservante antimicrobiano duradero y muy activo, previene el desarrollo y proliferaci\u00f3n de las bacterias que se depositan en la pintura. Contiene conservante antimoho para la protecci\u00f3n de&#8230;<\/p>\n","protected":false},"featured_media":86212,"comment_status":"open","ping_status":"closed","template":"","meta":{"_acf_changed":false,"_links_to":"","_links_to_target":""},"product_brand":[],"product_cat":[202,149,150,155,96,50],"product_tag":[],"class_list":{"0":"post-86211","1":"product","2":"type-product","3":"status-publish","4":"has-post-thumbnail","6":"product_cat-contra-las-bacterias","7":"product_cat-decorar-pintar","8":"product_cat-en-mate","9":"product_cat-facil-limpieza","10":"product_cat-interiores","11":"product_cat-usos-especiales","12":"pa_iconos-antibacterias-iones-plata","13":"pa_iconos-base-agua","14":"pa_iconos-brocha-rodillo-pistola","15":"pa_iconos-conservante-antimoho-sitema-atmh","16":"pa_iconos-lavabilidad-nivel-1","17":"pa_iconos-mate","18":"pa_iconos-mate2-5","19":"pa_iconos-rendimiento-10-14-m2-l","21":"first","22":"instock","23":"shipping-taxable","24":"product-type-simple"},"acf":[],"_links":{"self":[{"href":"https:\/\/jafep.com\/pt-pt\/wp-json\/wp\/v2\/product\/86211","targetHints":{"allow":["GET"]}}],"collection":[{"href":"https:\/\/jafep.com\/pt-pt\/wp-json\/wp\/v2\/product"}],"about":[{"href":"https:\/\/jafep.com\/pt-pt\/wp-json\/wp\/v2\/types\/product"}],"replies":[{"embeddable":true,"href":"https:\/\/jafep.com\/pt-pt\/wp-json\/wp\/v2\/comments?post=86211"}],"wp:featuredmedia":[{"embeddable":true,"href":"https:\/\/jafep.com\/pt-pt\/wp-json\/wp\/v2\/media\/86212"}],"wp:attachment":[{"href":"https:\/\/jafep.com\/pt-pt\/wp-json\/wp\/v2\/media?parent=86211"}],"wp:term":[{"taxonomy":"product_brand","embeddable":true,"href":"https:\/\/jafep.com\/pt-pt\/wp-json\/wp\/v2\/product_brand?post=86211"},{"taxonomy":"product_cat","embeddable":true,"href":"https:\/\/jafep.com\/pt-pt\/wp-json\/wp\/v2\/product_cat?post=86211"},{"taxonomy":"product_tag","embeddable":true,"href":"https:\/\/jafep.com\/pt-pt\/wp-json\/wp\/v2\/product_tag?post=86211"}],"curies":[{"name":"wp","href":"https:\/\/api.w.org\/{rel}","templated":true}]}}