{"id":86133,"date":"2025-07-11T13:26:37","date_gmt":"2025-07-11T11:26:37","guid":{"rendered":"https:\/\/jafep.com\/?post_type=product&#038;p=86133"},"modified":"2025-08-13T19:07:12","modified_gmt":"2025-08-13T17:07:12","slug":"hidrofugante-al-agua","status":"publish","type":"product","link":"https:\/\/jafep.com\/pt-pt\/producto\/hidrofugante-al-agua\/","title":{"rendered":"Hidrofugante al Agua"},"content":{"rendered":"<p>Tratamiento hidrof\u00f3bico invisible dise\u00f1ado para proporcionar una protecci\u00f3n duradera contra la penetraci\u00f3n de agua y humedad. Su formulaci\u00f3n a base de silanos y siloxanos modificados, protege las superficies tratadas al actuar como impregnaci\u00f3n con un fuerte efecto hidrofugante que repele el agua evitando la penetraci\u00f3n de agua de lluvia y permitiendo la transpirabilidad del vapor de agua, impermeabiliza las fachadas manteniendo su apariencia natural.<\/p>\n","protected":false},"excerpt":{"rendered":"<p>Tratamiento hidrof\u00f3bico invisible dise\u00f1ado para proporcionar una protecci\u00f3n duradera contra la penetraci\u00f3n de agua y humedad. Su formulaci\u00f3n a base de silanos y siloxanos modificados, protege las superficies tratadas al actuar como impregnaci\u00f3n con un fuerte efecto hidrofugante que repele el agua evitando la penetraci\u00f3n de agua de lluvia y permitiendo la transpirabilidad del vapor&#8230;<\/p>\n","protected":false},"featured_media":86376,"comment_status":"open","ping_status":"closed","template":"","meta":{"_acf_changed":false,"_links_to":"","_links_to_target":""},"product_brand":[],"product_cat":[69,63],"product_tag":[],"class_list":{"0":"post-86133","1":"product","2":"type-product","3":"status-publish","4":"has-post-thumbnail","6":"product_cat-complementos-preparaciones-y-fondos","7":"product_cat-preparaciones-y-fondos","8":"pa_formatos-5l","9":"pa_iconos-base-agua","11":"first","12":"instock","13":"shipping-taxable","14":"product-type-simple"},"acf":[],"_links":{"self":[{"href":"https:\/\/jafep.com\/pt-pt\/wp-json\/wp\/v2\/product\/86133","targetHints":{"allow":["GET"]}}],"collection":[{"href":"https:\/\/jafep.com\/pt-pt\/wp-json\/wp\/v2\/product"}],"about":[{"href":"https:\/\/jafep.com\/pt-pt\/wp-json\/wp\/v2\/types\/product"}],"replies":[{"embeddable":true,"href":"https:\/\/jafep.com\/pt-pt\/wp-json\/wp\/v2\/comments?post=86133"}],"wp:featuredmedia":[{"embeddable":true,"href":"https:\/\/jafep.com\/pt-pt\/wp-json\/wp\/v2\/media\/86376"}],"wp:attachment":[{"href":"https:\/\/jafep.com\/pt-pt\/wp-json\/wp\/v2\/media?parent=86133"}],"wp:term":[{"taxonomy":"product_brand","embeddable":true,"href":"https:\/\/jafep.com\/pt-pt\/wp-json\/wp\/v2\/product_brand?post=86133"},{"taxonomy":"product_cat","embeddable":true,"href":"https:\/\/jafep.com\/pt-pt\/wp-json\/wp\/v2\/product_cat?post=86133"},{"taxonomy":"product_tag","embeddable":true,"href":"https:\/\/jafep.com\/pt-pt\/wp-json\/wp\/v2\/product_tag?post=86133"}],"curies":[{"name":"wp","href":"https:\/\/api.w.org\/{rel}","templated":true}]}}