{"id":85260,"date":"2025-05-07T14:34:57","date_gmt":"2025-05-07T14:34:57","guid":{"rendered":"https:\/\/jafep.com\/?post_type=product&#038;p=85260"},"modified":"2026-04-07T10:19:49","modified_gmt":"2026-04-07T08:19:49","slug":"jafeplus-jpl-605-m-pintura-plastica-mate","status":"publish","type":"product","link":"https:\/\/jafep.com\/pt-pt\/producto\/jafeplus-jpl-605-m-pintura-plastica-mate\/","title":{"rendered":"JafePlus JPL 605-M"},"content":{"rendered":"<p>Pintura pl\u00e1stica para interior y exterior, con elevado rendimiento y m\u00e1xima cubrici\u00f3n, con muy buena facilidad de aplicaci\u00f3n, no salpica ni gotea, disimula los repasos dejando un excelente acabado sin marcas de rodillo ni rebrillos, proporciona un acabado extra mate profundo, muy buena lavabilidad, incorpora conservante antimoho. Desodorizada y aromatizada.<\/p>\n","protected":false},"excerpt":{"rendered":"<p>Pintura pl\u00e1stica adecuada para interior y exterior, con elevado rendimiento y m\u00e1xima cubrici\u00f3n, con muy buena facilidad de aplicaci\u00f3n, no salpica ni gotea, disimula los repasos dejando un excelente acabado sin marcas de rodillo ni rebrillos, proporciona un acabado mate extra profundo, muy buena lavabilidad, incorpora conservante antimoho. Desodorizada y aromatizada.<\/p>\n","protected":false},"featured_media":87419,"comment_status":"open","ping_status":"closed","template":"","meta":{"_acf_changed":false,"_links_to":"","_links_to_target":""},"product_brand":[],"product_cat":[149,150,97,44,235,28,1261,163],"product_tag":[],"class_list":{"0":"post-85260","1":"product","2":"type-product","3":"status-publish","4":"has-post-thumbnail","6":"product_cat-decorar-pintar","7":"product_cat-en-mate","8":"product_cat-exteriores","9":"product_cat-mates","10":"product_cat-fachadas","11":"product_cat-pinturas-plasticas","12":"product_cat-usos","13":"product_cat-zonas-poco-humedas","14":"pa_formatos-15-l","15":"pa_formatos-4-l","16":"pa_herramientas-brocha","17":"pa_herramientas-pistola","18":"pa_herramientas-rodillo","19":"pa_iconos-rendimiento-12-14-m2","20":"pa_iconos-brocha-rodillo-pistola","21":"pa_iconos-conservante-antimoho-sitema-atmh","22":"pa_iconos-desodorizada-y-aromatizada","23":"pa_iconos-exterior-interior","24":"pa_iconos-extra-mate-profundo","25":"pa_iconos-producto-al-agua","27":"first","28":"instock","29":"shipping-taxable","30":"product-type-simple"},"acf":[],"_links":{"self":[{"href":"https:\/\/jafep.com\/pt-pt\/wp-json\/wp\/v2\/product\/85260","targetHints":{"allow":["GET"]}}],"collection":[{"href":"https:\/\/jafep.com\/pt-pt\/wp-json\/wp\/v2\/product"}],"about":[{"href":"https:\/\/jafep.com\/pt-pt\/wp-json\/wp\/v2\/types\/product"}],"replies":[{"embeddable":true,"href":"https:\/\/jafep.com\/pt-pt\/wp-json\/wp\/v2\/comments?post=85260"}],"wp:featuredmedia":[{"embeddable":true,"href":"https:\/\/jafep.com\/pt-pt\/wp-json\/wp\/v2\/media\/87419"}],"wp:attachment":[{"href":"https:\/\/jafep.com\/pt-pt\/wp-json\/wp\/v2\/media?parent=85260"}],"wp:term":[{"taxonomy":"product_brand","embeddable":true,"href":"https:\/\/jafep.com\/pt-pt\/wp-json\/wp\/v2\/product_brand?post=85260"},{"taxonomy":"product_cat","embeddable":true,"href":"https:\/\/jafep.com\/pt-pt\/wp-json\/wp\/v2\/product_cat?post=85260"},{"taxonomy":"product_tag","embeddable":true,"href":"https:\/\/jafep.com\/pt-pt\/wp-json\/wp\/v2\/product_tag?post=85260"}],"curies":[{"name":"wp","href":"https:\/\/api.w.org\/{rel}","templated":true}]}}