{"id":6474,"date":"2017-07-19T14:55:19","date_gmt":"2017-07-19T14:55:19","guid":{"rendered":"https:\/\/jafep.com\/?post_type=product&#038;p=6474"},"modified":"2025-05-06T11:18:46","modified_gmt":"2025-05-06T11:18:46","slug":"accesorio-corte-tapon-eps-67-mm","status":"publish","type":"product","link":"https:\/\/jafep.com\/pt-pt\/producto\/accesorio-corte-tapon-eps-67-mm\/","title":{"rendered":"Accesorio de corte tap\u00f3n de EPS 67 mm"},"content":{"rendered":"<p>ACCESORIO DE CORTE TAP\u00d3N DE EPS 67 mm es un accesorio de corte en PVC para la realizaci\u00f3n de la cavidad en el panel aislante de EPS o XPS mediante avellanado (m\u00e9todo interior aislante). Permite posicionar el taco de anclaje en el interior del panel. Se utiliza junto con TAP\u00d3N DE EPS\/EPS GRAFITO de \u00a067 mm y TACO DE PL\u00c1STICO REFORZADO PARA FIJACI\u00d3N MEC\u00c1NICA, TACO DE ACERO PARA FIJACI\u00d3N MEC\u00c1NICA \u00f3 TACO ATORNILLADO DE ACERO PARA FIJACI\u00d3N MEC\u00c1NICA.<\/p>\n","protected":false},"excerpt":{"rendered":"<p>Accesorio de corte en PVC para la realizaci\u00f3n de la cavidad en el material aislante EPS o XPS \u00a0mediante avellanado.<\/p>\n","protected":false},"featured_media":85206,"comment_status":"closed","ping_status":"closed","template":"","meta":{"_acf_changed":false,"_links_to":"","_links_to_target":""},"product_brand":[],"product_cat":[200,677],"product_tag":[],"class_list":{"0":"post-6474","1":"product","2":"type-product","3":"status-publish","4":"has-post-thumbnail","6":"product_cat-sate","7":"product_cat-sistema-de-aislamiento-termico-por-el-exterior-sate","9":"first","10":"instock","11":"shipping-taxable","12":"product-type-simple"},"acf":[],"_links":{"self":[{"href":"https:\/\/jafep.com\/pt-pt\/wp-json\/wp\/v2\/product\/6474","targetHints":{"allow":["GET"]}}],"collection":[{"href":"https:\/\/jafep.com\/pt-pt\/wp-json\/wp\/v2\/product"}],"about":[{"href":"https:\/\/jafep.com\/pt-pt\/wp-json\/wp\/v2\/types\/product"}],"replies":[{"embeddable":true,"href":"https:\/\/jafep.com\/pt-pt\/wp-json\/wp\/v2\/comments?post=6474"}],"wp:featuredmedia":[{"embeddable":true,"href":"https:\/\/jafep.com\/pt-pt\/wp-json\/wp\/v2\/media\/85206"}],"wp:attachment":[{"href":"https:\/\/jafep.com\/pt-pt\/wp-json\/wp\/v2\/media?parent=6474"}],"wp:term":[{"taxonomy":"product_brand","embeddable":true,"href":"https:\/\/jafep.com\/pt-pt\/wp-json\/wp\/v2\/product_brand?post=6474"},{"taxonomy":"product_cat","embeddable":true,"href":"https:\/\/jafep.com\/pt-pt\/wp-json\/wp\/v2\/product_cat?post=6474"},{"taxonomy":"product_tag","embeddable":true,"href":"https:\/\/jafep.com\/pt-pt\/wp-json\/wp\/v2\/product_tag?post=6474"}],"curies":[{"name":"wp","href":"https:\/\/api.w.org\/{rel}","templated":true}]}}