{"id":6467,"date":"2017-07-19T14:48:55","date_gmt":"2017-07-19T14:48:55","guid":{"rendered":"https:\/\/jafep.com\/?post_type=product&#038;p=6467"},"modified":"2025-05-06T11:40:14","modified_gmt":"2025-05-06T11:40:14","slug":"disco-arandela-90-mw","status":"publish","type":"product","link":"https:\/\/jafep.com\/pt-pt\/producto\/disco-arandela-90-mw\/","title":{"rendered":"Disco Arandela adicional 90 MW"},"content":{"rendered":"<p>DISCO ARANDELA ADICIONAL 90 MW es una extensi\u00f3n de 140 mm, para el plato de 60 mm convencional que tienen los tacos de fijaci\u00f3n mec\u00e1nica para anclar las placas aislantes. Se utiliza para la fijaci\u00f3n de placas MW junto con TACO DE ACERO PARA FIJACI\u00d3N MEC\u00c1NICA y TACO ATORNILLADO DE ACERO PARA FIJACI\u00d3N MEC\u00c1NICA.<\/p>\n","protected":false},"excerpt":{"rendered":"<p>Extensi\u00f3n para el plato convencional de los tacos de anclaje de las placas aislantes de MW.<\/p>\n","protected":false},"featured_media":85256,"comment_status":"closed","ping_status":"closed","template":"","meta":{"_acf_changed":false,"_links_to":"","_links_to_target":""},"product_brand":[],"product_cat":[200,677],"product_tag":[],"class_list":{"0":"post-6467","1":"product","2":"type-product","3":"status-publish","4":"has-post-thumbnail","6":"product_cat-sate","7":"product_cat-sistema-de-aislamiento-termico-por-el-exterior-sate","9":"first","10":"instock","11":"shipping-taxable","12":"product-type-simple"},"acf":[],"_links":{"self":[{"href":"https:\/\/jafep.com\/pt-pt\/wp-json\/wp\/v2\/product\/6467","targetHints":{"allow":["GET"]}}],"collection":[{"href":"https:\/\/jafep.com\/pt-pt\/wp-json\/wp\/v2\/product"}],"about":[{"href":"https:\/\/jafep.com\/pt-pt\/wp-json\/wp\/v2\/types\/product"}],"replies":[{"embeddable":true,"href":"https:\/\/jafep.com\/pt-pt\/wp-json\/wp\/v2\/comments?post=6467"}],"wp:featuredmedia":[{"embeddable":true,"href":"https:\/\/jafep.com\/pt-pt\/wp-json\/wp\/v2\/media\/85256"}],"wp:attachment":[{"href":"https:\/\/jafep.com\/pt-pt\/wp-json\/wp\/v2\/media?parent=6467"}],"wp:term":[{"taxonomy":"product_brand","embeddable":true,"href":"https:\/\/jafep.com\/pt-pt\/wp-json\/wp\/v2\/product_brand?post=6467"},{"taxonomy":"product_cat","embeddable":true,"href":"https:\/\/jafep.com\/pt-pt\/wp-json\/wp\/v2\/product_cat?post=6467"},{"taxonomy":"product_tag","embeddable":true,"href":"https:\/\/jafep.com\/pt-pt\/wp-json\/wp\/v2\/product_tag?post=6467"}],"curies":[{"name":"wp","href":"https:\/\/api.w.org\/{rel}","templated":true}]}}