{"id":6446,"date":"2017-07-19T11:16:52","date_gmt":"2017-07-19T11:16:52","guid":{"rendered":"https:\/\/jafep.com\/?post_type=product&#038;p=6446"},"modified":"2025-05-06T11:00:58","modified_gmt":"2025-05-06T11:00:58","slug":"taco-atornillado-acero-mw-fijacion-mecanica","status":"publish","type":"product","link":"https:\/\/jafep.com\/pt-pt\/producto\/taco-atornillado-acero-mw-fijacion-mecanica\/","title":{"rendered":"Taco atornillado de acero MW para fijaci\u00f3n mec\u00e1nica"},"content":{"rendered":"<p>TACO ATORNILLADO DE ACERO MW, \u00a0es un taco de fijaci\u00f3n mediante atornillado, de innovador dise\u00f1o telesc\u00f3pico y \u00a0cabeza circular con plato de poliamida de 110 mm y clavo de acero galvanizado \u00a0para taladros de \u00a08 mm (broca). Est\u00e1 indicado para la fijaci\u00f3n de placas de aislamiento de lana de roca en sistemas SATE. Existe una amplia gama de tama\u00f1os en funci\u00f3n del espesor de la placa aislante. Instalaci\u00f3n sencilla y r\u00e1pida aportando mayor seguridad. Ideal para fijaci\u00f3n de placas sobre hormig\u00f3n, hormig\u00f3n celular y mamposter\u00eda. Clavo premontado. Cavidad para el tap\u00f3n de MW. \u00a0Fijaci\u00f3n de altas prestaciones en materiales huecos y grandes espesores de placa.<\/p>\n","protected":false},"excerpt":{"rendered":"<p>Taco de fijaci\u00f3n mediante atornillado con plato de 110 mm \u00a0de poliamida y clavo de acero, indicado para la fijaci\u00f3n de placas aislantes de MW.<\/p>\n","protected":false},"featured_media":85190,"comment_status":"closed","ping_status":"closed","template":"","meta":{"_acf_changed":false,"_links_to":"","_links_to_target":""},"product_brand":[],"product_cat":[200,677],"product_tag":[],"class_list":{"0":"post-6446","1":"product","2":"type-product","3":"status-publish","4":"has-post-thumbnail","6":"product_cat-sate","7":"product_cat-sistema-de-aislamiento-termico-por-el-exterior-sate","9":"first","10":"instock","11":"shipping-taxable","12":"product-type-simple"},"acf":[],"_links":{"self":[{"href":"https:\/\/jafep.com\/pt-pt\/wp-json\/wp\/v2\/product\/6446","targetHints":{"allow":["GET"]}}],"collection":[{"href":"https:\/\/jafep.com\/pt-pt\/wp-json\/wp\/v2\/product"}],"about":[{"href":"https:\/\/jafep.com\/pt-pt\/wp-json\/wp\/v2\/types\/product"}],"replies":[{"embeddable":true,"href":"https:\/\/jafep.com\/pt-pt\/wp-json\/wp\/v2\/comments?post=6446"}],"wp:featuredmedia":[{"embeddable":true,"href":"https:\/\/jafep.com\/pt-pt\/wp-json\/wp\/v2\/media\/85190"}],"wp:attachment":[{"href":"https:\/\/jafep.com\/pt-pt\/wp-json\/wp\/v2\/media?parent=6446"}],"wp:term":[{"taxonomy":"product_brand","embeddable":true,"href":"https:\/\/jafep.com\/pt-pt\/wp-json\/wp\/v2\/product_brand?post=6446"},{"taxonomy":"product_cat","embeddable":true,"href":"https:\/\/jafep.com\/pt-pt\/wp-json\/wp\/v2\/product_cat?post=6446"},{"taxonomy":"product_tag","embeddable":true,"href":"https:\/\/jafep.com\/pt-pt\/wp-json\/wp\/v2\/product_tag?post=6446"}],"curies":[{"name":"wp","href":"https:\/\/api.w.org\/{rel}","templated":true}]}}