{"id":6425,"date":"2017-07-18T15:07:06","date_gmt":"2017-07-18T15:07:06","guid":{"rendered":"https:\/\/jafep.com\/?post_type=product&#038;p=6425"},"modified":"2025-05-06T11:05:13","modified_gmt":"2025-05-06T11:05:13","slug":"taco-acero-fijacion-mecanica","status":"publish","type":"product","link":"https:\/\/jafep.com\/pt-pt\/producto\/taco-acero-fijacion-mecanica\/","title":{"rendered":"Taco de acero para fijaci\u00f3n mec\u00e1nica"},"content":{"rendered":"<p>TACO DE ACERO DE FIJACI\u00d3N MEC\u00c1NICA, \u00a0es un taco de fijaci\u00f3n por golpeo de cabeza circular, con plato de polietileno de 60 mm y clavo de acero galvanizado para taladros de \u00a010 mm (broca). Est\u00e1 indicado para la fijaci\u00f3n de placas de aislamiento en sistemas SATE. Existe una amplia gama de tama\u00f1os en funci\u00f3n del espesor de la placa aislante. Instalaci\u00f3n sencilla y r\u00e1pida aportando mayor seguridad. \u00a0Ideal para fijaci\u00f3n de placas sobre hormig\u00f3n y mamposter\u00eda hueca. Clavo premontado.<\/p>\n","protected":false},"excerpt":{"rendered":"<p>Taco de fijaci\u00f3n mec\u00e1nica con plato de 60 mm de polietileno y clavo de acero, indicado para la fijaci\u00f3n de placas aislantes.<\/p>\n","protected":false},"featured_media":85198,"comment_status":"closed","ping_status":"closed","template":"","meta":{"_acf_changed":false,"_links_to":"","_links_to_target":""},"product_brand":[],"product_cat":[200,677],"product_tag":[],"class_list":{"0":"post-6425","1":"product","2":"type-product","3":"status-publish","4":"has-post-thumbnail","6":"product_cat-sate","7":"product_cat-sistema-de-aislamiento-termico-por-el-exterior-sate","9":"first","10":"instock","11":"shipping-taxable","12":"product-type-simple"},"acf":[],"_links":{"self":[{"href":"https:\/\/jafep.com\/pt-pt\/wp-json\/wp\/v2\/product\/6425","targetHints":{"allow":["GET"]}}],"collection":[{"href":"https:\/\/jafep.com\/pt-pt\/wp-json\/wp\/v2\/product"}],"about":[{"href":"https:\/\/jafep.com\/pt-pt\/wp-json\/wp\/v2\/types\/product"}],"replies":[{"embeddable":true,"href":"https:\/\/jafep.com\/pt-pt\/wp-json\/wp\/v2\/comments?post=6425"}],"wp:featuredmedia":[{"embeddable":true,"href":"https:\/\/jafep.com\/pt-pt\/wp-json\/wp\/v2\/media\/85198"}],"wp:attachment":[{"href":"https:\/\/jafep.com\/pt-pt\/wp-json\/wp\/v2\/media?parent=6425"}],"wp:term":[{"taxonomy":"product_brand","embeddable":true,"href":"https:\/\/jafep.com\/pt-pt\/wp-json\/wp\/v2\/product_brand?post=6425"},{"taxonomy":"product_cat","embeddable":true,"href":"https:\/\/jafep.com\/pt-pt\/wp-json\/wp\/v2\/product_cat?post=6425"},{"taxonomy":"product_tag","embeddable":true,"href":"https:\/\/jafep.com\/pt-pt\/wp-json\/wp\/v2\/product_tag?post=6425"}],"curies":[{"name":"wp","href":"https:\/\/api.w.org\/{rel}","templated":true}]}}