{"id":6392,"date":"2017-07-18T14:07:13","date_gmt":"2017-07-18T14:07:13","guid":{"rendered":"https:\/\/jafep.com\/?post_type=product&#038;p=6392"},"modified":"2025-05-06T11:20:49","modified_gmt":"2025-05-06T11:20:49","slug":"perfil-de-stopdespiece","status":"publish","type":"product","link":"https:\/\/jafep.com\/pt-pt\/producto\/perfil-de-stopdespiece\/","title":{"rendered":"Perfil de Stop\/Despiece"},"content":{"rendered":"<p>PERFIL DE STOP\/DESPIECE \u00a0es un perfil de PVC con malla de fibra de vidrio resistente a los \u00e1lcalis, v\u00e1lido para la organizaci\u00f3n de \u00e1reas de trabajo y creaci\u00f3n de z\u00f3calos u otros efectos decorativos.<\/p>\n","protected":false},"excerpt":{"rendered":"<p>Perfil de stop o despiece para la organizaci\u00f3n de \u00e1reas de trabajo y creaci\u00f3n de efectos decorativos.<\/p>\n","protected":false},"featured_media":85210,"comment_status":"closed","ping_status":"closed","template":"","meta":{"_acf_changed":false,"_links_to":"","_links_to_target":""},"product_brand":[],"product_cat":[200,677],"product_tag":[],"class_list":{"0":"post-6392","1":"product","2":"type-product","3":"status-publish","4":"has-post-thumbnail","6":"product_cat-sate","7":"product_cat-sistema-de-aislamiento-termico-por-el-exterior-sate","9":"first","10":"instock","11":"shipping-taxable","12":"product-type-simple"},"acf":[],"_links":{"self":[{"href":"https:\/\/jafep.com\/pt-pt\/wp-json\/wp\/v2\/product\/6392","targetHints":{"allow":["GET"]}}],"collection":[{"href":"https:\/\/jafep.com\/pt-pt\/wp-json\/wp\/v2\/product"}],"about":[{"href":"https:\/\/jafep.com\/pt-pt\/wp-json\/wp\/v2\/types\/product"}],"replies":[{"embeddable":true,"href":"https:\/\/jafep.com\/pt-pt\/wp-json\/wp\/v2\/comments?post=6392"}],"wp:featuredmedia":[{"embeddable":true,"href":"https:\/\/jafep.com\/pt-pt\/wp-json\/wp\/v2\/media\/85210"}],"wp:attachment":[{"href":"https:\/\/jafep.com\/pt-pt\/wp-json\/wp\/v2\/media?parent=6392"}],"wp:term":[{"taxonomy":"product_brand","embeddable":true,"href":"https:\/\/jafep.com\/pt-pt\/wp-json\/wp\/v2\/product_brand?post=6392"},{"taxonomy":"product_cat","embeddable":true,"href":"https:\/\/jafep.com\/pt-pt\/wp-json\/wp\/v2\/product_cat?post=6392"},{"taxonomy":"product_tag","embeddable":true,"href":"https:\/\/jafep.com\/pt-pt\/wp-json\/wp\/v2\/product_tag?post=6392"}],"curies":[{"name":"wp","href":"https:\/\/api.w.org\/{rel}","templated":true}]}}