{"id":6378,"date":"2017-07-18T13:34:26","date_gmt":"2017-07-18T13:34:26","guid":{"rendered":"https:\/\/jafep.com\/?post_type=product&#038;p=6378"},"modified":"2025-05-06T11:24:20","modified_gmt":"2025-05-06T11:24:20","slug":"perfil-junta-dilatacion-pvc-angulo-malla","status":"publish","type":"product","link":"https:\/\/jafep.com\/pt-pt\/producto\/perfil-junta-dilatacion-pvc-angulo-malla\/","title":{"rendered":"Perfil Junta de Dilataci\u00f3n PVC \u00c1ngulo con malla"},"content":{"rendered":"<p>PERFIL JUNTA DE DILATACI\u00d3N PVC \u00c1NGULO CON MALLA \u00a0es un perfil con malla de fibra de vidrio, resistente a los \u00e1lcalis, v\u00e1lido para juntas de dilataci\u00f3n de esquinas internas de la fachada, de 5 a 25 mm de ancho . Impermeable y resistente a los rayos UV, garantiza una adecuada dilataci\u00f3n en la absorci\u00f3n de los movimientos de asentamiento.<\/p>\n","protected":false},"excerpt":{"rendered":"<p>Perfil junta de dilataci\u00f3n PVC \u00e1ngulo con malla de fibra de vidrio resistente a los \u00e1lcalis.<\/p>\n","protected":false},"featured_media":85218,"comment_status":"closed","ping_status":"closed","template":"","meta":{"_acf_changed":false,"_links_to":"","_links_to_target":""},"product_brand":[],"product_cat":[200,677],"product_tag":[],"class_list":{"0":"post-6378","1":"product","2":"type-product","3":"status-publish","4":"has-post-thumbnail","6":"product_cat-sate","7":"product_cat-sistema-de-aislamiento-termico-por-el-exterior-sate","9":"first","10":"instock","11":"shipping-taxable","12":"product-type-simple"},"acf":[],"_links":{"self":[{"href":"https:\/\/jafep.com\/pt-pt\/wp-json\/wp\/v2\/product\/6378","targetHints":{"allow":["GET"]}}],"collection":[{"href":"https:\/\/jafep.com\/pt-pt\/wp-json\/wp\/v2\/product"}],"about":[{"href":"https:\/\/jafep.com\/pt-pt\/wp-json\/wp\/v2\/types\/product"}],"replies":[{"embeddable":true,"href":"https:\/\/jafep.com\/pt-pt\/wp-json\/wp\/v2\/comments?post=6378"}],"wp:featuredmedia":[{"embeddable":true,"href":"https:\/\/jafep.com\/pt-pt\/wp-json\/wp\/v2\/media\/85218"}],"wp:attachment":[{"href":"https:\/\/jafep.com\/pt-pt\/wp-json\/wp\/v2\/media?parent=6378"}],"wp:term":[{"taxonomy":"product_brand","embeddable":true,"href":"https:\/\/jafep.com\/pt-pt\/wp-json\/wp\/v2\/product_brand?post=6378"},{"taxonomy":"product_cat","embeddable":true,"href":"https:\/\/jafep.com\/pt-pt\/wp-json\/wp\/v2\/product_cat?post=6378"},{"taxonomy":"product_tag","embeddable":true,"href":"https:\/\/jafep.com\/pt-pt\/wp-json\/wp\/v2\/product_tag?post=6378"}],"curies":[{"name":"wp","href":"https:\/\/api.w.org\/{rel}","templated":true}]}}