{"id":6357,"date":"2017-07-18T11:28:28","date_gmt":"2017-07-18T11:28:28","guid":{"rendered":"https:\/\/jafep.com\/?post_type=product&#038;p=6357"},"modified":"2025-05-06T11:31:17","modified_gmt":"2025-05-06T11:31:17","slug":"perfil-marco-ventana-pvc-malla","status":"publish","type":"product","link":"https:\/\/jafep.com\/pt-pt\/producto\/perfil-marco-ventana-pvc-malla\/","title":{"rendered":"Perfil Marco Ventana PVC con malla"},"content":{"rendered":"<p>PERFIL MARCO VENTANA PVC CON MALLA \u00a0es un perfil de 6 mm de PVC con malla de fibra de vidrio resistente a los \u00e1lcalis. Permite conectar el SATE \u00a0a los marcos de las aberturas de las estructuras de \u00a0puertas y ventanas sin dejar espacios. Ejecuci\u00f3n perfecta gracias a su leng\u00fceta de protecci\u00f3n.<\/p>\n","protected":false},"excerpt":{"rendered":"<p>Perfil autoadhesivo de PVC con malla de fibra de vidrio \u00e1lcali-resistente para la conexi\u00f3n del SATE con \u00a0puertas y ventanas.<\/p>\n","protected":false},"featured_media":85230,"comment_status":"closed","ping_status":"closed","template":"","meta":{"_acf_changed":false,"_links_to":"","_links_to_target":""},"product_brand":[],"product_cat":[200,677],"product_tag":[],"class_list":{"0":"post-6357","1":"product","2":"type-product","3":"status-publish","4":"has-post-thumbnail","6":"product_cat-sate","7":"product_cat-sistema-de-aislamiento-termico-por-el-exterior-sate","9":"first","10":"instock","11":"shipping-taxable","12":"product-type-simple"},"acf":[],"_links":{"self":[{"href":"https:\/\/jafep.com\/pt-pt\/wp-json\/wp\/v2\/product\/6357","targetHints":{"allow":["GET"]}}],"collection":[{"href":"https:\/\/jafep.com\/pt-pt\/wp-json\/wp\/v2\/product"}],"about":[{"href":"https:\/\/jafep.com\/pt-pt\/wp-json\/wp\/v2\/types\/product"}],"replies":[{"embeddable":true,"href":"https:\/\/jafep.com\/pt-pt\/wp-json\/wp\/v2\/comments?post=6357"}],"wp:featuredmedia":[{"embeddable":true,"href":"https:\/\/jafep.com\/pt-pt\/wp-json\/wp\/v2\/media\/85230"}],"wp:attachment":[{"href":"https:\/\/jafep.com\/pt-pt\/wp-json\/wp\/v2\/media?parent=6357"}],"wp:term":[{"taxonomy":"product_brand","embeddable":true,"href":"https:\/\/jafep.com\/pt-pt\/wp-json\/wp\/v2\/product_brand?post=6357"},{"taxonomy":"product_cat","embeddable":true,"href":"https:\/\/jafep.com\/pt-pt\/wp-json\/wp\/v2\/product_cat?post=6357"},{"taxonomy":"product_tag","embeddable":true,"href":"https:\/\/jafep.com\/pt-pt\/wp-json\/wp\/v2\/product_tag?post=6357"}],"curies":[{"name":"wp","href":"https:\/\/api.w.org\/{rel}","templated":true}]}}