{"id":6322,"date":"2017-07-18T10:14:28","date_gmt":"2017-07-18T10:14:28","guid":{"rendered":"https:\/\/jafep.com\/?post_type=product&#038;p=6322"},"modified":"2025-05-06T11:38:01","modified_gmt":"2025-05-06T11:38:01","slug":"perfil-clip-perfil-arranque","status":"publish","type":"product","link":"https:\/\/jafep.com\/pt-pt\/producto\/perfil-clip-perfil-arranque\/","title":{"rendered":"Perfil Clip para Perfil de Arranque"},"content":{"rendered":"<p>PERFIL CLIP DE ARRANQUE es un perfil de PVC con malla de fibra de vidrio resistente a los \u00e1lcalis para encastrar en el perfil de arranque. Incluye goter\u00f3n que garantiza el drenaje vertical del agua evitando su retorno y minimiza el riesgo de grietas en la zona de la uni\u00f3n del perfil de arranque.<\/p>\n","protected":false},"excerpt":{"rendered":"<p>Perfil clip de arranque de PVC con malla de fibra de vidrio para encastrar en el perfil de arranque.<\/p>\n","protected":false},"featured_media":85252,"comment_status":"closed","ping_status":"closed","template":"","meta":{"_acf_changed":false,"_links_to":"","_links_to_target":""},"product_brand":[],"product_cat":[200,677],"product_tag":[],"class_list":{"0":"post-6322","1":"product","2":"type-product","3":"status-publish","4":"has-post-thumbnail","6":"product_cat-sate","7":"product_cat-sistema-de-aislamiento-termico-por-el-exterior-sate","9":"first","10":"instock","11":"shipping-taxable","12":"product-type-simple"},"acf":[],"_links":{"self":[{"href":"https:\/\/jafep.com\/pt-pt\/wp-json\/wp\/v2\/product\/6322","targetHints":{"allow":["GET"]}}],"collection":[{"href":"https:\/\/jafep.com\/pt-pt\/wp-json\/wp\/v2\/product"}],"about":[{"href":"https:\/\/jafep.com\/pt-pt\/wp-json\/wp\/v2\/types\/product"}],"replies":[{"embeddable":true,"href":"https:\/\/jafep.com\/pt-pt\/wp-json\/wp\/v2\/comments?post=6322"}],"wp:featuredmedia":[{"embeddable":true,"href":"https:\/\/jafep.com\/pt-pt\/wp-json\/wp\/v2\/media\/85252"}],"wp:attachment":[{"href":"https:\/\/jafep.com\/pt-pt\/wp-json\/wp\/v2\/media?parent=6322"}],"wp:term":[{"taxonomy":"product_brand","embeddable":true,"href":"https:\/\/jafep.com\/pt-pt\/wp-json\/wp\/v2\/product_brand?post=6322"},{"taxonomy":"product_cat","embeddable":true,"href":"https:\/\/jafep.com\/pt-pt\/wp-json\/wp\/v2\/product_cat?post=6322"},{"taxonomy":"product_tag","embeddable":true,"href":"https:\/\/jafep.com\/pt-pt\/wp-json\/wp\/v2\/product_tag?post=6322"}],"curies":[{"name":"wp","href":"https:\/\/api.w.org\/{rel}","templated":true}]}}