{"id":6308,"date":"2017-07-18T09:53:58","date_gmt":"2017-07-18T09:53:58","guid":{"rendered":"https:\/\/jafep.com\/?post_type=product&#038;p=6308"},"modified":"2020-05-20T14:20:58","modified_gmt":"2020-05-20T14:20:58","slug":"set-montaje-perfileria","status":"publish","type":"product","link":"https:\/\/jafep.com\/pt-pt\/producto\/set-montaje-perfileria\/","title":{"rendered":"Set de Montaje Perfiler\u00eda"},"content":{"rendered":"<p>SET DE MONTAJE PERFILER\u00cdA, es un kit de montaje y conexi\u00f3n para la fijaci\u00f3n de perfiles de arranque, laterales y coronaci\u00f3n, que consta de tornillos cincados o de acero inoxidable con los tacos adecuados al soporte, conectores para unir los perfiles y distanciadores para salvar los desniveles o irregularidades del soporte. <\/p>\n","protected":false},"excerpt":{"rendered":"<p>Set de montaje para la fijaci\u00f3n de perfiles de arranque, laterales y de coronaci\u00f3n. <\/p>\n","protected":false},"featured_media":13889,"comment_status":"closed","ping_status":"closed","template":"","meta":{"_acf_changed":false,"_links_to":"","_links_to_target":""},"product_brand":[],"product_cat":[200,677],"product_tag":[],"class_list":{"0":"post-6308","1":"product","2":"type-product","3":"status-publish","4":"has-post-thumbnail","6":"product_cat-sate","7":"product_cat-sistema-de-aislamiento-termico-por-el-exterior-sate","9":"first","10":"instock","11":"shipping-taxable","12":"product-type-simple"},"acf":[],"_links":{"self":[{"href":"https:\/\/jafep.com\/pt-pt\/wp-json\/wp\/v2\/product\/6308","targetHints":{"allow":["GET"]}}],"collection":[{"href":"https:\/\/jafep.com\/pt-pt\/wp-json\/wp\/v2\/product"}],"about":[{"href":"https:\/\/jafep.com\/pt-pt\/wp-json\/wp\/v2\/types\/product"}],"replies":[{"embeddable":true,"href":"https:\/\/jafep.com\/pt-pt\/wp-json\/wp\/v2\/comments?post=6308"}],"wp:featuredmedia":[{"embeddable":true,"href":"https:\/\/jafep.com\/pt-pt\/wp-json\/wp\/v2\/media\/13889"}],"wp:attachment":[{"href":"https:\/\/jafep.com\/pt-pt\/wp-json\/wp\/v2\/media?parent=6308"}],"wp:term":[{"taxonomy":"product_brand","embeddable":true,"href":"https:\/\/jafep.com\/pt-pt\/wp-json\/wp\/v2\/product_brand?post=6308"},{"taxonomy":"product_cat","embeddable":true,"href":"https:\/\/jafep.com\/pt-pt\/wp-json\/wp\/v2\/product_cat?post=6308"},{"taxonomy":"product_tag","embeddable":true,"href":"https:\/\/jafep.com\/pt-pt\/wp-json\/wp\/v2\/product_tag?post=6308"}],"curies":[{"name":"wp","href":"https:\/\/api.w.org\/{rel}","templated":true}]}}