{"id":2403,"date":"2016-02-05T15:40:47","date_gmt":"2016-02-26T10:17:06","guid":{"rendered":"https:\/\/jafep.com\/?post_type=product&#038;p=2403"},"modified":"2023-10-09T09:02:04","modified_gmt":"2023-10-09T09:02:04","slug":"pinroda-satinado-200-acetinada","status":"publish","type":"product","link":"https:\/\/jafep.com\/pt-pt\/producto\/pinroda-satinado-200-acetinada\/","title":{"rendered":"Pinroda Acetinada 200"},"content":{"rendered":"<p>Tinta pl\u00e1stica para Interior e Exterior de elevada qualidade, estabilidade e resist\u00eancia, que proporciona um acabamento duradouro com excelente brancura e bom poder de cobertura. Apar\u00eancia final acetinada e sedosa. Muito lav\u00e1vel. <\/p>\n","protected":false},"excerpt":{"rendered":"<p>Tinta pl\u00e1stica para Interior e Exterior de elevada qualidade, estabilidade e resist\u00eancia, que proporciona um acabamento duradouro com excelente brancura e bom poder de cobertura. Apar\u00eancia final acetinada e sedosa. Muito lav\u00e1vel.<\/p>\n","protected":false},"featured_media":82686,"comment_status":"closed","ping_status":"closed","template":"","meta":{"_acf_changed":false,"_links_to":"","_links_to_target":""},"product_brand":[],"product_cat":[782,1319,493],"product_tag":[],"class_list":{"0":"post-2403","1":"product","2":"type-product","3":"status-publish","4":"has-post-thumbnail","6":"product_cat-en-satinado-pt-pt","7":"product_cat-pinroda-pt-pt-2","8":"product_cat-tintas-plasticas","9":"pa_formatos-14l-pt-pt","10":"pa_herramientas-airless-pt-pt","11":"pa_herramientas-brocha-pt-pt","12":"pa_herramientas-pistola-pt-pt","13":"pa_herramientas-rodillo-fachadas-lana-oveja-20mm-pt-pt","14":"pa_herramientas-rodillo-fachadas-poliamida-extra-larga-de-20mm-pt-pt","15":"pa_herramientas-rodillo-fachadas-poliamida-larga-de-19mm-pt-pt","16":"pa_herramientas-rodillo-interior-poliamida-de-11mm-pt","17":"pa_herramientas-rodillo-interior-100-microfibra-de-11mm-pt","18":"pa_iconos-34-rendimiento-de-10-12-m2l-pt-pt","19":"pa_iconos-45-exterior-interior-pt-pt","20":"pa_iconos-61-lavabilidad-nivel-2-pt-pt","21":"pa_iconos-base-agua-pt-pt","22":"pa_iconos-satinado-pt-pt","24":"first","25":"instock","26":"shipping-taxable","27":"product-type-simple"},"acf":[],"_links":{"self":[{"href":"https:\/\/jafep.com\/pt-pt\/wp-json\/wp\/v2\/product\/2403","targetHints":{"allow":["GET"]}}],"collection":[{"href":"https:\/\/jafep.com\/pt-pt\/wp-json\/wp\/v2\/product"}],"about":[{"href":"https:\/\/jafep.com\/pt-pt\/wp-json\/wp\/v2\/types\/product"}],"replies":[{"embeddable":true,"href":"https:\/\/jafep.com\/pt-pt\/wp-json\/wp\/v2\/comments?post=2403"}],"wp:featuredmedia":[{"embeddable":true,"href":"https:\/\/jafep.com\/pt-pt\/wp-json\/wp\/v2\/media\/82686"}],"wp:attachment":[{"href":"https:\/\/jafep.com\/pt-pt\/wp-json\/wp\/v2\/media?parent=2403"}],"wp:term":[{"taxonomy":"product_brand","embeddable":true,"href":"https:\/\/jafep.com\/pt-pt\/wp-json\/wp\/v2\/product_brand?post=2403"},{"taxonomy":"product_cat","embeddable":true,"href":"https:\/\/jafep.com\/pt-pt\/wp-json\/wp\/v2\/product_cat?post=2403"},{"taxonomy":"product_tag","embeddable":true,"href":"https:\/\/jafep.com\/pt-pt\/wp-json\/wp\/v2\/product_tag?post=2403"}],"curies":[{"name":"wp","href":"https:\/\/api.w.org\/{rel}","templated":true}]}}