{"id":2402,"date":"2016-02-05T15:32:55","date_gmt":"2016-02-26T10:15:32","guid":{"rendered":"https:\/\/jafep.com\/?post_type=product&#038;p=2402"},"modified":"2023-10-06T07:54:11","modified_gmt":"2023-10-06T07:54:11","slug":"pinroda-imprimacion-bituminosa-primario-betuminoso","status":"publish","type":"product","link":"https:\/\/jafep.com\/pt-pt\/producto\/pinroda-imprimacion-bituminosa-primario-betuminoso\/","title":{"rendered":"Pinroda Prim\u00e1rio Betuminoso"},"content":{"rendered":"<p>Tinta betuminosa de elevada espessura e secagem f\u00edsica. Flex\u00edvel, resistente \u00e0 \u00e1gua e com boas propriedades anticorrosivas. Portanto, \u00e9 um bom protetor para superf\u00edcies de ferro e a\u00e7o, tanto internas como externas, embora, neste \u00faltimo caso, n\u00e3o devam ser expostas diretamente \u00e0 luz solar. Aplica\u00e7\u00e3o espec\u00edfica como prote\u00e7\u00e3o contra umidade de estruturas de concreto enterradas em obras civis (paredes, funda\u00e7\u00f5es, tubula\u00e7\u00f5es, etc.) <\/p>\n","protected":false},"excerpt":{"rendered":"<p>Tinta betuminosa de elevada espessura e secagem f\u00edsica. Flex\u00edvel, resistente \u00e0 \u00e1gua e com boas propriedades anticorrosivas. Portanto, \u00e9 um bom protetor para superf\u00edcies de ferro e a\u00e7o, tanto internas como externas, embora, neste \u00faltimo caso, n\u00e3o devam ser expostas diretamente \u00e0 luz solar. Aplica\u00e7\u00e3o espec\u00edfica como prote\u00e7\u00e3o contra umidade de estruturas de concreto enterradas&#8230;<\/p>\n","protected":false},"featured_media":82676,"comment_status":"closed","ping_status":"closed","template":"","meta":{"_acf_changed":false,"_links_to":"","_links_to_target":""},"product_brand":[],"product_cat":[484,1521,1468,1319,1472,787],"product_tag":[],"class_list":{"0":"post-2402","1":"product","2":"type-product","3":"status-publish","4":"has-post-thumbnail","6":"product_cat-impermeabilizacao-anti-mofo","7":"product_cat-metal-pt-pt","8":"product_cat-outros","9":"product_cat-pinroda-pt-pt-2","10":"product_cat-primario","11":"product_cat-proteger-metal-pt-pt","12":"pa_formatos-15l-pt-pt","13":"pa_formatos-4l-pt-pt","14":"pa_herramientas-airless-pt-pt","15":"pa_herramientas-brocha-pt-pt","16":"pa_herramientas-pistola-pt-pt","17":"pa_herramientas-rodillo-pt-pt","18":"pa_iconos-2-base-solvente-pt-pt","19":"pa_iconos-41-brocha-rodillo-pistola-pt-pt","20":"pa_iconos-exterior-pt-pt","21":"pa_iconos-rendimiento-7-9-m2l-pt-pt","22":"pa_iconos-satinado-pt-pt","24":"first","25":"instock","26":"shipping-taxable","27":"product-type-simple"},"acf":[],"_links":{"self":[{"href":"https:\/\/jafep.com\/pt-pt\/wp-json\/wp\/v2\/product\/2402","targetHints":{"allow":["GET"]}}],"collection":[{"href":"https:\/\/jafep.com\/pt-pt\/wp-json\/wp\/v2\/product"}],"about":[{"href":"https:\/\/jafep.com\/pt-pt\/wp-json\/wp\/v2\/types\/product"}],"replies":[{"embeddable":true,"href":"https:\/\/jafep.com\/pt-pt\/wp-json\/wp\/v2\/comments?post=2402"}],"wp:featuredmedia":[{"embeddable":true,"href":"https:\/\/jafep.com\/pt-pt\/wp-json\/wp\/v2\/media\/82676"}],"wp:attachment":[{"href":"https:\/\/jafep.com\/pt-pt\/wp-json\/wp\/v2\/media?parent=2402"}],"wp:term":[{"taxonomy":"product_brand","embeddable":true,"href":"https:\/\/jafep.com\/pt-pt\/wp-json\/wp\/v2\/product_brand?post=2402"},{"taxonomy":"product_cat","embeddable":true,"href":"https:\/\/jafep.com\/pt-pt\/wp-json\/wp\/v2\/product_cat?post=2402"},{"taxonomy":"product_tag","embeddable":true,"href":"https:\/\/jafep.com\/pt-pt\/wp-json\/wp\/v2\/product_tag?post=2402"}],"curies":[{"name":"wp","href":"https:\/\/api.w.org\/{rel}","templated":true}]}}