{"id":2397,"date":"2016-02-05T12:25:22","date_gmt":"2016-02-26T09:18:08","guid":{"rendered":"https:\/\/jafep.com\/?post_type=product&#038;p=2397"},"modified":"2023-06-26T10:11:41","modified_gmt":"2023-06-26T10:11:41","slug":"barniz-acrilico-al-disolvente-verniz-acrilico-com-solvente","status":"publish","type":"product","link":"https:\/\/jafep.com\/pt-pt\/producto\/barniz-acrilico-al-disolvente-verniz-acrilico-com-solvente\/","title":{"rendered":"Verniz Acr\u00edlico com Diluente"},"content":{"rendered":"<p>Verniz acr\u00edlico, incolor, transparente, de muito baixa viscosidade e preparado em diluentes org\u00e2nicos.<\/p>\n<p>Devido ao seu conte\u00fado em resinas acr\u00edlicas modificadas \u00e9 \u00fatil para a prote\u00e7\u00e3o do bet\u00e3o e outras superf\u00edcies de constru\u00e7\u00e3o contra elementos ambientais agressivos, principalmente CO2.<\/p>\n<p>Produto com muito boa penetra\u00e7\u00e3o em suportes porosos. Boa resist\u00eancia \u00e0s intemp\u00e9ries. Boa resist\u00eancia qu\u00edmica. Boa ader\u00eancia a pedra, tijolo, bet\u00e3o, etc.<\/p>\n<p>&nbsp; <\/p>\n","protected":false},"excerpt":{"rendered":"<p>Verniz acr\u00edlico, incolor, transparente, de muito baixa viscosidade e preparado em diluentes org\u00e2nicos. Devido ao seu conte\u00fado em resinas acr\u00edlicas modificadas \u00e9 \u00fatil para a prote\u00e7\u00e3o do bet\u00e3o e outras superf\u00edcies de constru\u00e7\u00e3o contra elementos ambientais agressivos, principalmente CO2. Produto com muito boa penetra\u00e7\u00e3o em suportes porosos. Boa resist\u00eancia \u00e0s intemp\u00e9ries. Boa resist\u00eancia qu\u00edmica. Boa&#8230;<\/p>\n","protected":false},"featured_media":82601,"comment_status":"closed","ping_status":"closed","template":"","meta":{"_acf_changed":false,"_links_to":"","_links_to_target":""},"product_brand":[],"product_cat":[1406,1412],"product_tag":[],"class_list":{"0":"post-2397","1":"product","2":"type-product","3":"status-publish","4":"has-post-thumbnail","6":"product_cat-pisos-pavimentos-e-sinaletica","7":"product_cat-pisos-pavimentos-e-sinaletica-pt-pt","8":"pa_formatos-1l-pt-pt","9":"pa_formatos-20l-pt-pt","10":"pa_formatos-5l-pt-pt","11":"pa_herramientas-brocha-pt-pt","12":"pa_herramientas-brocha-esmalte-barniz-acrilico-microfibra-pt-pt","13":"pa_herramientas-pistola-pt-pt","14":"pa_herramientas-rodillo-pt-pt","15":"pa_herramientas-rodillo-esmalte-barniz-sintetico-y-acrilico-100-espuma-densidad-60-pt-pt","16":"pa_herramientas-rodillo-esmalte-barniz-acrilico-microfibra-8-mm-pt-pt","17":"pa_iconos-2-base-solvente-pt-pt","18":"pa_iconos-41-brocha-rodillo-pistola-pt-pt","19":"pa_iconos-45-exterior-interior-pt-pt","20":"pa_iconos-rendimiento-6-8-m2l-pt-pt","22":"first","23":"instock","24":"shipping-taxable","25":"product-type-simple"},"acf":[],"_links":{"self":[{"href":"https:\/\/jafep.com\/pt-pt\/wp-json\/wp\/v2\/product\/2397","targetHints":{"allow":["GET"]}}],"collection":[{"href":"https:\/\/jafep.com\/pt-pt\/wp-json\/wp\/v2\/product"}],"about":[{"href":"https:\/\/jafep.com\/pt-pt\/wp-json\/wp\/v2\/types\/product"}],"replies":[{"embeddable":true,"href":"https:\/\/jafep.com\/pt-pt\/wp-json\/wp\/v2\/comments?post=2397"}],"wp:featuredmedia":[{"embeddable":true,"href":"https:\/\/jafep.com\/pt-pt\/wp-json\/wp\/v2\/media\/82601"}],"wp:attachment":[{"href":"https:\/\/jafep.com\/pt-pt\/wp-json\/wp\/v2\/media?parent=2397"}],"wp:term":[{"taxonomy":"product_brand","embeddable":true,"href":"https:\/\/jafep.com\/pt-pt\/wp-json\/wp\/v2\/product_brand?post=2397"},{"taxonomy":"product_cat","embeddable":true,"href":"https:\/\/jafep.com\/pt-pt\/wp-json\/wp\/v2\/product_cat?post=2397"},{"taxonomy":"product_tag","embeddable":true,"href":"https:\/\/jafep.com\/pt-pt\/wp-json\/wp\/v2\/product_tag?post=2397"}],"curies":[{"name":"wp","href":"https:\/\/api.w.org\/{rel}","templated":true}]}}