{"id":2396,"date":"2016-02-05T12:18:42","date_gmt":"2016-02-26T09:16:48","guid":{"rendered":"https:\/\/jafep.com\/?post_type=product&#038;p=2396"},"modified":"2023-07-03T07:50:30","modified_gmt":"2023-07-03T07:50:30","slug":"barniz-suelos-wb-verniz-para-chao-wb","status":"publish","type":"product","link":"https:\/\/jafep.com\/pt-pt\/producto\/barniz-suelos-wb-verniz-para-chao-wb\/","title":{"rendered":"Verniz Protetor WB"},"content":{"rendered":"<p>Verniz de base aquosa para ser utilizado principalmente na cura e selagem de bet\u00e3o impresso decorativo. Protege, decora e conserva o pavimento evitando a sua r\u00e1pida degrada\u00e7\u00e3o. Real\u00e7a a cor e o aspeto. Excelente prote\u00e7\u00e3o dos revestimentos impermeabilizantes el\u00e1sticos, tanto em aplica\u00e7\u00e3o vertical como horizontal, melhorando notavelmente a sua resist\u00eancia ao tr\u00e1fego pedonal e \u00e0 radia\u00e7\u00e3o UV. Protege tamb\u00e9m um grande n\u00famero de materiais de constru\u00e7\u00e3o, tais como tijolo \u00e0 vista, terra\u00e7os, etc. <\/p>\n","protected":false},"excerpt":{"rendered":"<p>Verniz de base aquosa para ser utilizado principalmente na cura e selagem de bet\u00e3o impresso decorativo. Protege, decora e conserva o pavimento evitando a sua r\u00e1pida degrada\u00e7\u00e3o. Real\u00e7a a cor e o aspeto. Excelente prote\u00e7\u00e3o dos revestimentos impermeabilizantes el\u00e1sticos, tanto em aplica\u00e7\u00e3o vertical como horizontal, melhorando notavelmente a sua resist\u00eancia ao tr\u00e1fego pedonal e \u00e0&#8230;<\/p>\n","protected":false},"featured_media":82591,"comment_status":"closed","ping_status":"closed","template":"","meta":{"_acf_changed":false,"_links_to":"","_links_to_target":""},"product_brand":[],"product_cat":[1406,1412],"product_tag":[],"class_list":{"0":"post-2396","1":"product","2":"type-product","3":"status-publish","4":"has-post-thumbnail","6":"product_cat-pisos-pavimentos-e-sinaletica","7":"product_cat-pisos-pavimentos-e-sinaletica-pt-pt","8":"pa_formatos-15l-pt-pt","9":"pa_formatos-4l-pt-pt","10":"pa_herramientas-airless-pt-pt","11":"pa_herramientas-pistola-pt-pt","12":"pa_herramientas-rodillo-pt-pt","13":"pa_iconos-34-rendimiento-de-10-12-m2l-pt-pt","14":"pa_iconos-45-exterior-interior-pt-pt","15":"pa_iconos-base-agua-pt-pt","17":"first","18":"instock","19":"shipping-taxable","20":"product-type-simple"},"acf":[],"_links":{"self":[{"href":"https:\/\/jafep.com\/pt-pt\/wp-json\/wp\/v2\/product\/2396","targetHints":{"allow":["GET"]}}],"collection":[{"href":"https:\/\/jafep.com\/pt-pt\/wp-json\/wp\/v2\/product"}],"about":[{"href":"https:\/\/jafep.com\/pt-pt\/wp-json\/wp\/v2\/types\/product"}],"replies":[{"embeddable":true,"href":"https:\/\/jafep.com\/pt-pt\/wp-json\/wp\/v2\/comments?post=2396"}],"wp:featuredmedia":[{"embeddable":true,"href":"https:\/\/jafep.com\/pt-pt\/wp-json\/wp\/v2\/media\/82591"}],"wp:attachment":[{"href":"https:\/\/jafep.com\/pt-pt\/wp-json\/wp\/v2\/media?parent=2396"}],"wp:term":[{"taxonomy":"product_brand","embeddable":true,"href":"https:\/\/jafep.com\/pt-pt\/wp-json\/wp\/v2\/product_brand?post=2396"},{"taxonomy":"product_cat","embeddable":true,"href":"https:\/\/jafep.com\/pt-pt\/wp-json\/wp\/v2\/product_cat?post=2396"},{"taxonomy":"product_tag","embeddable":true,"href":"https:\/\/jafep.com\/pt-pt\/wp-json\/wp\/v2\/product_tag?post=2396"}],"curies":[{"name":"wp","href":"https:\/\/api.w.org\/{rel}","templated":true}]}}