{"id":2395,"date":"2016-02-05T12:21:33","date_gmt":"2016-02-26T09:14:41","guid":{"rendered":"https:\/\/jafep.com\/?post_type=product&#038;p=2395"},"modified":"2023-07-04T09:38:37","modified_gmt":"2023-07-04T09:38:37","slug":"pintura-suelos-wb-tinta-para-chao-wb","status":"publish","type":"product","link":"https:\/\/jafep.com\/pt-pt\/producto\/pintura-suelos-wb-tinta-para-chao-wb\/","title":{"rendered":"Tinta Aquosa para Ch\u00e3o WB"},"content":{"rendered":"<p>Tinta aquosa especial para ch\u00e3o, \u00e1 base de resinas acr\u00edlicas, com grande dureza e ader\u00eancia, resistente \u00e0 abras\u00e3o e \u00e0 intemp\u00e9rie. \u00c0 prova de poeira. Muito bom nivelamento. Cores resistentes \u00e0 luz.<\/p>\n<p>Particularmente indicado para pavimentos e pavimentos ciment\u00edcios, argamassas e asfaltos em bom estado, sujeitos \u00e0 passagem de pessoas e ve\u00edculos m\u00e9dios como bicicletas e ciclomotores. <\/p>\n","protected":false},"excerpt":{"rendered":"<p>Tinta aquosa especial para ch\u00e3o, \u00e1 base de resinas acr\u00edlicas, com grande dureza e ader\u00eancia, resistente \u00e0 abras\u00e3o e \u00e0 intemp\u00e9rie. \u00c0 prova de poeira. Muito bom nivelamento. Cores resistentes \u00e0 luz. Particularmente indicado para pavimentos e pavimentos ciment\u00edcios, argamassas e asfaltos em bom estado, sujeitos \u00e0 passagem de pessoas e ve\u00edculos m\u00e9dios como bicicletas&#8230;<\/p>\n","protected":false},"featured_media":82596,"comment_status":"closed","ping_status":"closed","template":"","meta":{"_acf_changed":false,"_links_to":"","_links_to_target":""},"product_brand":[],"product_cat":[1478,1406,1412],"product_tag":[],"class_list":{"0":"post-2395","1":"product","2":"type-product","3":"status-publish","4":"has-post-thumbnail","6":"product_cat-pavimento","7":"product_cat-pisos-pavimentos-e-sinaletica","8":"product_cat-pisos-pavimentos-e-sinaletica-pt-pt","9":"pa_formatos-15l-pt-pt","10":"pa_formatos-4l-pt-pt","11":"pa_herramientas-airless-pt-pt","12":"pa_herramientas-brocha-pt-pt","13":"pa_herramientas-pistola-pt-pt","14":"pa_herramientas-rodillo-suelos-100-poliamida-texturada-13mm-pt-pt","15":"pa_iconos-33-rendimiento-8-10-m2l-pt-pt","16":"pa_iconos-41-brocha-rodillo-pistola-pt-pt","17":"pa_iconos-45-exterior-interior-pt-pt","18":"pa_iconos-basep-pt-pt","19":"pa_iconos-base-agua-pt-pt","20":"pa_iconos-cartacolores","21":"pa_iconos-satinado-pt-pt","23":"first","24":"instock","25":"shipping-taxable","26":"product-type-simple"},"acf":[],"_links":{"self":[{"href":"https:\/\/jafep.com\/pt-pt\/wp-json\/wp\/v2\/product\/2395","targetHints":{"allow":["GET"]}}],"collection":[{"href":"https:\/\/jafep.com\/pt-pt\/wp-json\/wp\/v2\/product"}],"about":[{"href":"https:\/\/jafep.com\/pt-pt\/wp-json\/wp\/v2\/types\/product"}],"replies":[{"embeddable":true,"href":"https:\/\/jafep.com\/pt-pt\/wp-json\/wp\/v2\/comments?post=2395"}],"wp:featuredmedia":[{"embeddable":true,"href":"https:\/\/jafep.com\/pt-pt\/wp-json\/wp\/v2\/media\/82596"}],"wp:attachment":[{"href":"https:\/\/jafep.com\/pt-pt\/wp-json\/wp\/v2\/media?parent=2395"}],"wp:term":[{"taxonomy":"product_brand","embeddable":true,"href":"https:\/\/jafep.com\/pt-pt\/wp-json\/wp\/v2\/product_brand?post=2395"},{"taxonomy":"product_cat","embeddable":true,"href":"https:\/\/jafep.com\/pt-pt\/wp-json\/wp\/v2\/product_cat?post=2395"},{"taxonomy":"product_tag","embeddable":true,"href":"https:\/\/jafep.com\/pt-pt\/wp-json\/wp\/v2\/product_tag?post=2395"}],"curies":[{"name":"wp","href":"https:\/\/api.w.org\/{rel}","templated":true}]}}