{"id":2394,"date":"2016-02-05T12:08:14","date_gmt":"2016-02-05T12:08:14","guid":{"rendered":"https:\/\/jafep.com\/?post_type=product&#038;p=2394"},"modified":"2026-03-17T12:54:48","modified_gmt":"2026-03-17T11:54:48","slug":"jafepox-54-resina-epoxi-catalizador-resina-epoxi-catalisador","status":"publish","type":"product","link":"https:\/\/jafep.com\/pt-pt\/producto\/jafepox-54-resina-epoxi-catalizador-resina-epoxi-catalisador\/","title":{"rendered":"Jafepox 54 Resina Ep\u00f3xi + Catalisador"},"content":{"rendered":"<p>Tinta ep\u00f3xi de dois componentes, 100% s\u00f3lidos. Produto de alto desempenho e resist\u00eancia mec\u00e2nica, ideal para a pintura e repara\u00e7\u00e3o de pavimentos de bet\u00e3o, formando uma camada espessa. Pode ser misturada com agregados especiais para aumentar o volume, como argamassa autonivelante para pavimentos.<\/p>\n","protected":false},"excerpt":{"rendered":"<p>Tinta ep\u00f3xi de dois componentes, 100% s\u00f3lidos. Produto de alto desempenho e resist\u00eancia mec\u00e2nica, ideal para a pintura e repara\u00e7\u00e3o de pavimentos de bet\u00e3o, formando uma camada espessa. Pode ser misturada com agregados especiais para aumentar o volume, como argamassa autonivelante para pavimentos.<\/p>\n","protected":false},"featured_media":82586,"comment_status":"closed","ping_status":"closed","template":"","meta":{"_acf_changed":false,"_links_to":"","_links_to_target":""},"product_brand":[],"product_cat":[1478,1406,1472,1409,1437,1473],"product_tag":[],"class_list":{"0":"post-2394","1":"product","2":"type-product","3":"status-publish","4":"has-post-thumbnail","6":"product_cat-pavimento","7":"product_cat-pisos-pavimentos-e-sinaletica","8":"product_cat-primario","9":"product_cat-primarios-pt-pt-2","10":"product_cat-reparar-pavimentos","11":"product_cat-selar","12":"pa_herramientas-airless-pt-pt","13":"pa_herramientas-brocha-pt-pt","14":"pa_herramientas-pistola-pt-pt","15":"pa_herramientas-rodillo-pt-pt","16":"pa_iconos-2-base-solvente-pt-pt","17":"pa_iconos-45-exterior-interior-pt-pt","18":"pa_iconos-a-b-pt-pt","19":"pa_iconos-rendimiento-4-5-m2-l-pt-pt","21":"first","22":"instock","23":"shipping-taxable","24":"product-type-simple"},"acf":[],"_links":{"self":[{"href":"https:\/\/jafep.com\/pt-pt\/wp-json\/wp\/v2\/product\/2394","targetHints":{"allow":["GET"]}}],"collection":[{"href":"https:\/\/jafep.com\/pt-pt\/wp-json\/wp\/v2\/product"}],"about":[{"href":"https:\/\/jafep.com\/pt-pt\/wp-json\/wp\/v2\/types\/product"}],"replies":[{"embeddable":true,"href":"https:\/\/jafep.com\/pt-pt\/wp-json\/wp\/v2\/comments?post=2394"}],"wp:featuredmedia":[{"embeddable":true,"href":"https:\/\/jafep.com\/pt-pt\/wp-json\/wp\/v2\/media\/82586"}],"wp:attachment":[{"href":"https:\/\/jafep.com\/pt-pt\/wp-json\/wp\/v2\/media?parent=2394"}],"wp:term":[{"taxonomy":"product_brand","embeddable":true,"href":"https:\/\/jafep.com\/pt-pt\/wp-json\/wp\/v2\/product_brand?post=2394"},{"taxonomy":"product_cat","embeddable":true,"href":"https:\/\/jafep.com\/pt-pt\/wp-json\/wp\/v2\/product_cat?post=2394"},{"taxonomy":"product_tag","embeddable":true,"href":"https:\/\/jafep.com\/pt-pt\/wp-json\/wp\/v2\/product_tag?post=2394"}],"curies":[{"name":"wp","href":"https:\/\/api.w.org\/{rel}","templated":true}]}}