{"id":2393,"date":"2016-02-05T12:04:06","date_gmt":"2016-02-26T09:12:13","guid":{"rendered":"https:\/\/jafep.com\/?post_type=product&#038;p=2393"},"modified":"2023-07-04T08:57:52","modified_gmt":"2023-07-04T08:57:52","slug":"jafepox-40-masilla-epoxi-tixotropica-catalizador-massa-epoxi-tixotropica-catalisador","status":"publish","type":"product","link":"https:\/\/jafep.com\/pt-pt\/producto\/jafepox-40-masilla-epoxi-tixotropica-catalizador-massa-epoxi-tixotropica-catalisador\/","title":{"rendered":"Jafepox 40 Massa Ep\u00f3xi Tixotr\u00f3pica + Catalisador"},"content":{"rendered":"<p>Massa ep\u00f3xi bicomponente que, uma vez misturada, se obt\u00e9m em pasta para: Repara\u00e7\u00e3o de pisos e paredes de concreto como lascas, furos e quebras. Forma\u00e7\u00e3o de meias voltas e coloca\u00e7\u00e3o de malha de fibra de vidro, etc. Tudo isto gra\u00e7as \u00e0 excelente ader\u00eancia ao bet\u00e3o, gr\u00e9s, cer\u00e2mica, ferro, etc. e boa resist\u00eancia qu\u00edmica a um grande n\u00famero de produtos. <\/p>\n","protected":false},"excerpt":{"rendered":"<p>Massa ep\u00f3xi bicomponente que, uma vez misturada, se obt\u00e9m em pasta para: Repara\u00e7\u00e3o de pisos e paredes de concreto como lascas, furos e quebras. Forma\u00e7\u00e3o de meias voltas e coloca\u00e7\u00e3o de malha de fibra de vidro, etc. Tudo isto gra\u00e7as \u00e0 excelente ader\u00eancia ao bet\u00e3o, gr\u00e9s, cer\u00e2mica, ferro, etc. e boa resist\u00eancia qu\u00edmica a um&#8230;<\/p>\n","protected":false},"featured_media":82581,"comment_status":"closed","ping_status":"closed","template":"","meta":{"_acf_changed":false,"_links_to":"","_links_to_target":""},"product_brand":[],"product_cat":[1406,1409],"product_tag":[],"class_list":{"0":"post-2393","1":"product","2":"type-product","3":"status-publish","4":"has-post-thumbnail","6":"product_cat-pisos-pavimentos-e-sinaletica","7":"product_cat-primarios-pt-pt-2","8":"pa_formatos-5kg-pt-pt","9":"pa_herramientas-llana-pt","10":"pa_iconos-2-base-solvente-pt-pt","11":"pa_iconos-45-exterior-interior-pt-pt","12":"pa_iconos-51-mate-60o-pt-pt","13":"pa_iconos-a-b-pt-pt","14":"pa_iconos-mate-pt-pt","16":"first","17":"instock","18":"shipping-taxable","19":"product-type-simple"},"acf":[],"_links":{"self":[{"href":"https:\/\/jafep.com\/pt-pt\/wp-json\/wp\/v2\/product\/2393","targetHints":{"allow":["GET"]}}],"collection":[{"href":"https:\/\/jafep.com\/pt-pt\/wp-json\/wp\/v2\/product"}],"about":[{"href":"https:\/\/jafep.com\/pt-pt\/wp-json\/wp\/v2\/types\/product"}],"replies":[{"embeddable":true,"href":"https:\/\/jafep.com\/pt-pt\/wp-json\/wp\/v2\/comments?post=2393"}],"wp:featuredmedia":[{"embeddable":true,"href":"https:\/\/jafep.com\/pt-pt\/wp-json\/wp\/v2\/media\/82581"}],"wp:attachment":[{"href":"https:\/\/jafep.com\/pt-pt\/wp-json\/wp\/v2\/media?parent=2393"}],"wp:term":[{"taxonomy":"product_brand","embeddable":true,"href":"https:\/\/jafep.com\/pt-pt\/wp-json\/wp\/v2\/product_brand?post=2393"},{"taxonomy":"product_cat","embeddable":true,"href":"https:\/\/jafep.com\/pt-pt\/wp-json\/wp\/v2\/product_cat?post=2393"},{"taxonomy":"product_tag","embeddable":true,"href":"https:\/\/jafep.com\/pt-pt\/wp-json\/wp\/v2\/product_tag?post=2393"}],"curies":[{"name":"wp","href":"https:\/\/api.w.org\/{rel}","templated":true}]}}