{"id":2392,"date":"2016-02-08T15:52:11","date_gmt":"2016-02-26T09:11:02","guid":{"rendered":"https:\/\/jafep.com\/?post_type=product&#038;p=2392"},"modified":"2023-07-03T10:29:17","modified_gmt":"2023-07-03T10:29:17","slug":"barniz-de-poliuretano-brillante-catalizador-verniz-de-poliuretano-brilhante-catalisador","status":"publish","type":"product","link":"https:\/\/jafep.com\/pt-pt\/producto\/barniz-de-poliuretano-brillante-catalizador-verniz-de-poliuretano-brilhante-catalisador\/","title":{"rendered":"Verniz de Poliuretano Brilhante de Dois Componentes (Kit)"},"content":{"rendered":"<p>Verniz de poliuretano (acr\u00edlico hidroxilado), que pode ser combinado com isocianatos para superf\u00edcies de bet\u00e3o e outros materiais sujeitos a forte abras\u00e3o, evitando a sua degrada\u00e7\u00e3o. Acabamento brilhante e flex\u00edvel. Excelente escovabilidade e bom nivelamento. Kit de Dois Componentes<\/p>\n<p>&nbsp;<\/p>\n<p>&nbsp; <\/p>\n","protected":false},"excerpt":{"rendered":"<p>Verniz de poliuretano (acr\u00edlico hidroxilado), que pode ser combinado com isocianatos para superf\u00edcies de bet\u00e3o e outros materiais sujeitos a forte abras\u00e3o, evitando a sua degrada\u00e7\u00e3o. Acabamento brilhante e flex\u00edvel. Excelente escovabilidade e bom nivelamento. Kit de Dois Componentes &nbsp; &nbsp;<\/p>\n","protected":false},"featured_media":86006,"comment_status":"closed","ping_status":"closed","template":"","meta":{"_acf_changed":false,"_links_to":"","_links_to_target":""},"product_brand":[],"product_cat":[1560,1561,1480,1406,1562,1437],"product_tag":[],"class_list":{"0":"post-2392","1":"product","2":"type-product","3":"status-publish","4":"has-post-thumbnail","6":"product_cat-pavimentos","7":"product_cat-pintar-pavimento","8":"product_cat-pintar-pavimentos","9":"product_cat-pisos-pavimentos-e-sinaletica","10":"product_cat-reparar-pavimento","11":"product_cat-reparar-pavimentos","12":"pa_herramientas-brocha-pt-pt","13":"pa_herramientas-pistola-pt-pt","14":"pa_herramientas-rodillo-pt-pt","15":"pa_iconos-2-base-solvente-pt-pt","16":"pa_iconos-30-rendimiento-12-14-m2-pt-pt","17":"pa_iconos-41-brocha-rodillo-pistola-pt-pt","18":"pa_iconos-brillante-pt-pt","20":"first","21":"instock","22":"shipping-taxable","23":"product-type-simple"},"acf":[],"_links":{"self":[{"href":"https:\/\/jafep.com\/pt-pt\/wp-json\/wp\/v2\/product\/2392","targetHints":{"allow":["GET"]}}],"collection":[{"href":"https:\/\/jafep.com\/pt-pt\/wp-json\/wp\/v2\/product"}],"about":[{"href":"https:\/\/jafep.com\/pt-pt\/wp-json\/wp\/v2\/types\/product"}],"replies":[{"embeddable":true,"href":"https:\/\/jafep.com\/pt-pt\/wp-json\/wp\/v2\/comments?post=2392"}],"wp:featuredmedia":[{"embeddable":true,"href":"https:\/\/jafep.com\/pt-pt\/wp-json\/wp\/v2\/media\/86006"}],"wp:attachment":[{"href":"https:\/\/jafep.com\/pt-pt\/wp-json\/wp\/v2\/media?parent=2392"}],"wp:term":[{"taxonomy":"product_brand","embeddable":true,"href":"https:\/\/jafep.com\/pt-pt\/wp-json\/wp\/v2\/product_brand?post=2392"},{"taxonomy":"product_cat","embeddable":true,"href":"https:\/\/jafep.com\/pt-pt\/wp-json\/wp\/v2\/product_cat?post=2392"},{"taxonomy":"product_tag","embeddable":true,"href":"https:\/\/jafep.com\/pt-pt\/wp-json\/wp\/v2\/product_tag?post=2392"}],"curies":[{"name":"wp","href":"https:\/\/api.w.org\/{rel}","templated":true}]}}