{"id":2391,"date":"2016-02-05T11:20:38","date_gmt":"2016-02-26T09:08:22","guid":{"rendered":"https:\/\/jafep.com\/?post_type=product&#038;p=2391"},"modified":"2023-08-21T10:47:26","modified_gmt":"2023-08-21T10:47:26","slug":"disolvente-limpieza-extra-solvente-limpeza-extra","status":"publish","type":"product","link":"https:\/\/jafep.com\/pt-pt\/producto\/disolvente-limpieza-extra-solvente-limpeza-extra\/","title":{"rendered":"Solvente Limpeza Extra"},"content":{"rendered":"<p>Mistura de solventes, cuja composi\u00e7\u00e3o o torna adequado para a maioria das tintas \u00e0 base de solventes. <\/p>\n","protected":false},"excerpt":{"rendered":"<p>Mistura de solventes, cuja composi\u00e7\u00e3o o torna adequado para a maioria das tintas \u00e0 base de solventes.<\/p>\n","protected":false},"featured_media":82536,"comment_status":"closed","ping_status":"closed","template":"","meta":{"_acf_changed":false,"_links_to":"","_links_to_target":""},"product_brand":[],"product_cat":[1307,1470],"product_tag":[],"class_list":{"0":"post-2391","1":"product","2":"type-product","3":"status-publish","4":"has-post-thumbnail","6":"product_cat-diluentes-pt-pt","7":"product_cat-diluentes-pt-pt-2","8":"pa_formatos-1l-pt-pt","9":"pa_formatos-25l-pt-pt","10":"pa_formatos-5l-pt-pt","11":"pa_iconos-2-base-solvente-pt-pt","13":"first","14":"instock","15":"shipping-taxable","16":"product-type-simple"},"acf":[],"_links":{"self":[{"href":"https:\/\/jafep.com\/pt-pt\/wp-json\/wp\/v2\/product\/2391","targetHints":{"allow":["GET"]}}],"collection":[{"href":"https:\/\/jafep.com\/pt-pt\/wp-json\/wp\/v2\/product"}],"about":[{"href":"https:\/\/jafep.com\/pt-pt\/wp-json\/wp\/v2\/types\/product"}],"replies":[{"embeddable":true,"href":"https:\/\/jafep.com\/pt-pt\/wp-json\/wp\/v2\/comments?post=2391"}],"wp:featuredmedia":[{"embeddable":true,"href":"https:\/\/jafep.com\/pt-pt\/wp-json\/wp\/v2\/media\/82536"}],"wp:attachment":[{"href":"https:\/\/jafep.com\/pt-pt\/wp-json\/wp\/v2\/media?parent=2391"}],"wp:term":[{"taxonomy":"product_brand","embeddable":true,"href":"https:\/\/jafep.com\/pt-pt\/wp-json\/wp\/v2\/product_brand?post=2391"},{"taxonomy":"product_cat","embeddable":true,"href":"https:\/\/jafep.com\/pt-pt\/wp-json\/wp\/v2\/product_cat?post=2391"},{"taxonomy":"product_tag","embeddable":true,"href":"https:\/\/jafep.com\/pt-pt\/wp-json\/wp\/v2\/product_tag?post=2391"}],"curies":[{"name":"wp","href":"https:\/\/api.w.org\/{rel}","templated":true}]}}