{"id":2388,"date":"2016-02-05T10:52:36","date_gmt":"2016-02-26T09:04:13","guid":{"rendered":"https:\/\/jafep.com\/?post_type=product&#038;p=2388"},"modified":"2023-07-05T09:07:32","modified_gmt":"2023-07-05T09:07:32","slug":"masilla-plastica-universal-massa-plastica","status":"publish","type":"product","link":"https:\/\/jafep.com\/pt-pt\/producto\/masilla-plastica-universal-massa-plastica\/","title":{"rendered":"Massa Pl\u00e1stica Universal"},"content":{"rendered":"<p>Massa pl\u00e1stica pronta para uso. Ades\u00e3o extraordin\u00e1ria sobre um grande n\u00famero de suportes. Imperme\u00e1vel e protegido com aditivos conservantes anti-mofo. Acabamentos finos e muito duros, o que permite o acabamento com qualquer tipo de tinta decorativa. <\/p>\n","protected":false},"excerpt":{"rendered":"<p>Massa pl\u00e1stica pronta para uso. Ades\u00e3o extraordin\u00e1ria sobre um grande n\u00famero de suportes. Imperme\u00e1vel e protegido com aditivos conservantes anti-mofo. Acabamentos finos e muito duros, o que permite o acabamento com qualquer tipo de tinta decorativa.<\/p>\n","protected":false},"featured_media":82506,"comment_status":"closed","ping_status":"closed","template":"","meta":{"_acf_changed":false,"_links_to":"","_links_to_target":""},"product_brand":[],"product_cat":[540,1244],"product_tag":[],"class_list":{"0":"post-2388","1":"product","2":"type-product","3":"status-publish","4":"has-post-thumbnail","6":"product_cat-mastiques-e-emplastros","7":"product_cat-preparaciones-y-fondos-pt-pt","8":"pa_formatos-1kg-pt-pt","9":"pa_formatos-25kg","10":"pa_formatos-5kg-pt-pt","11":"pa_herramientas-llana-pt","12":"pa_iconos-conservante-antimoho-sitema-atmh-pt-pt","14":"first","15":"instock","16":"shipping-taxable","17":"product-type-simple"},"acf":[],"_links":{"self":[{"href":"https:\/\/jafep.com\/pt-pt\/wp-json\/wp\/v2\/product\/2388","targetHints":{"allow":["GET"]}}],"collection":[{"href":"https:\/\/jafep.com\/pt-pt\/wp-json\/wp\/v2\/product"}],"about":[{"href":"https:\/\/jafep.com\/pt-pt\/wp-json\/wp\/v2\/types\/product"}],"replies":[{"embeddable":true,"href":"https:\/\/jafep.com\/pt-pt\/wp-json\/wp\/v2\/comments?post=2388"}],"wp:featuredmedia":[{"embeddable":true,"href":"https:\/\/jafep.com\/pt-pt\/wp-json\/wp\/v2\/media\/82506"}],"wp:attachment":[{"href":"https:\/\/jafep.com\/pt-pt\/wp-json\/wp\/v2\/media?parent=2388"}],"wp:term":[{"taxonomy":"product_brand","embeddable":true,"href":"https:\/\/jafep.com\/pt-pt\/wp-json\/wp\/v2\/product_brand?post=2388"},{"taxonomy":"product_cat","embeddable":true,"href":"https:\/\/jafep.com\/pt-pt\/wp-json\/wp\/v2\/product_cat?post=2388"},{"taxonomy":"product_tag","embeddable":true,"href":"https:\/\/jafep.com\/pt-pt\/wp-json\/wp\/v2\/product_tag?post=2388"}],"curies":[{"name":"wp","href":"https:\/\/api.w.org\/{rel}","templated":true}]}}