{"id":2387,"date":"2016-02-05T10:26:24","date_gmt":"2016-02-26T09:02:44","guid":{"rendered":"https:\/\/jafep.com\/?post_type=product&#038;p=2387"},"modified":"2023-08-07T10:29:50","modified_gmt":"2023-08-07T10:29:50","slug":"emplaste-decoracion-decoracion-emplastro-decoracao","status":"publish","type":"product","link":"https:\/\/jafep.com\/pt-pt\/producto\/emplaste-decoracion-decoracion-emplastro-decoracao\/","title":{"rendered":"Pasta Decora\u00e7\u00e3o Renova\u00e7\u00e3o"},"content":{"rendered":"<p>Gesso para alisamento interior. Cobre superf\u00edcies gotel\u00e9, esburacadas e \u00e1speras em geral.\u00a0Tamb\u00e9m preenche rachaduras, buracos, arranh\u00f5es, etc. \u00c9 aplicado em todos os tipos de superf\u00edcies de constru\u00e7\u00e3o e alvenaria.\u00a0Aplicar em camada espessa, sem desperd\u00edcios e muito f\u00e1cil de lixar. <\/p>\n","protected":false},"excerpt":{"rendered":"<p>Gesso para alisamento interior. Cobre superf\u00edcies gotel\u00e9, esburacadas e \u00e1speras em geral.\u00a0Tamb\u00e9m preenche rachaduras, buracos, arranh\u00f5es, etc. \u00c9 aplicado em todos os tipos de superf\u00edcies de constru\u00e7\u00e3o e alvenaria.\u00a0Aplicar em camada espessa, sem desperd\u00edcios e muito f\u00e1cil de lixar.<\/p>\n","protected":false},"featured_media":82476,"comment_status":"closed","ping_status":"closed","template":"","meta":{"_acf_changed":false,"_links_to":"","_links_to_target":""},"product_brand":[],"product_cat":[1247,540,1244],"product_tag":[],"class_list":{"0":"post-2387","1":"product","2":"type-product","3":"status-publish","4":"has-post-thumbnail","6":"product_cat-interiores-pt-pt","7":"product_cat-mastiques-e-emplastros","8":"product_cat-preparaciones-y-fondos-pt-pt","9":"pa_formatos-15kg-pt-pt","10":"pa_herramientas-llana-pt","12":"first","13":"instock","14":"shipping-taxable","15":"product-type-simple"},"acf":[],"_links":{"self":[{"href":"https:\/\/jafep.com\/pt-pt\/wp-json\/wp\/v2\/product\/2387","targetHints":{"allow":["GET"]}}],"collection":[{"href":"https:\/\/jafep.com\/pt-pt\/wp-json\/wp\/v2\/product"}],"about":[{"href":"https:\/\/jafep.com\/pt-pt\/wp-json\/wp\/v2\/types\/product"}],"replies":[{"embeddable":true,"href":"https:\/\/jafep.com\/pt-pt\/wp-json\/wp\/v2\/comments?post=2387"}],"wp:featuredmedia":[{"embeddable":true,"href":"https:\/\/jafep.com\/pt-pt\/wp-json\/wp\/v2\/media\/82476"}],"wp:attachment":[{"href":"https:\/\/jafep.com\/pt-pt\/wp-json\/wp\/v2\/media?parent=2387"}],"wp:term":[{"taxonomy":"product_brand","embeddable":true,"href":"https:\/\/jafep.com\/pt-pt\/wp-json\/wp\/v2\/product_brand?post=2387"},{"taxonomy":"product_cat","embeddable":true,"href":"https:\/\/jafep.com\/pt-pt\/wp-json\/wp\/v2\/product_cat?post=2387"},{"taxonomy":"product_tag","embeddable":true,"href":"https:\/\/jafep.com\/pt-pt\/wp-json\/wp\/v2\/product_tag?post=2387"}],"curies":[{"name":"wp","href":"https:\/\/api.w.org\/{rel}","templated":true}]}}