{"id":2386,"date":"2016-02-05T09:43:06","date_gmt":"2016-02-26T09:00:11","guid":{"rendered":"https:\/\/jafep.com\/?post_type=product&#038;p=2386"},"modified":"2023-07-24T08:18:48","modified_gmt":"2023-07-24T08:18:48","slug":"emplaste-decoracion-terminacion-emplastro-decoracao","status":"publish","type":"product","link":"https:\/\/jafep.com\/pt-pt\/producto\/emplaste-decoracion-terminacion-emplastro-decoracao\/","title":{"rendered":"Pasta Decora\u00e7\u00e3o Acabamento"},"content":{"rendered":"<p>Reboco em p\u00f3 para preencher e nivelar defeitos, fissuras, buracos, etc. e para reboco de superf\u00edcies interiores de gesso, cimento, madeira, etc. Ideal para eliminar as irregularidades que aparecem em qualquer tipo de material antes de pint\u00e1-lo.<\/p>\n<p>Lix\u00e1vel facilmente, deixando um espalhamento muito fino e pronto para aplicar todos os tipos de tintas. Ideal para o acabamento fino de rebocos de renova\u00e7\u00e3o. <\/p>\n","protected":false},"excerpt":{"rendered":"<p>Reboco interior em p\u00f3 para coloca\u00e7\u00e3o e acabamentos finos. <\/p>\n","protected":false},"featured_media":82471,"comment_status":"closed","ping_status":"closed","template":"","meta":{"_acf_changed":false,"_links_to":"","_links_to_target":""},"product_brand":[],"product_cat":[1247,540,1244],"product_tag":[],"class_list":{"0":"post-2386","1":"product","2":"type-product","3":"status-publish","4":"has-post-thumbnail","6":"product_cat-interiores-pt-pt","7":"product_cat-mastiques-e-emplastros","8":"product_cat-preparaciones-y-fondos-pt-pt","9":"pa_formatos-15kg-pt-pt","11":"first","12":"instock","13":"shipping-taxable","14":"product-type-simple"},"acf":[],"_links":{"self":[{"href":"https:\/\/jafep.com\/pt-pt\/wp-json\/wp\/v2\/product\/2386","targetHints":{"allow":["GET"]}}],"collection":[{"href":"https:\/\/jafep.com\/pt-pt\/wp-json\/wp\/v2\/product"}],"about":[{"href":"https:\/\/jafep.com\/pt-pt\/wp-json\/wp\/v2\/types\/product"}],"replies":[{"embeddable":true,"href":"https:\/\/jafep.com\/pt-pt\/wp-json\/wp\/v2\/comments?post=2386"}],"wp:featuredmedia":[{"embeddable":true,"href":"https:\/\/jafep.com\/pt-pt\/wp-json\/wp\/v2\/media\/82471"}],"wp:attachment":[{"href":"https:\/\/jafep.com\/pt-pt\/wp-json\/wp\/v2\/media?parent=2386"}],"wp:term":[{"taxonomy":"product_brand","embeddable":true,"href":"https:\/\/jafep.com\/pt-pt\/wp-json\/wp\/v2\/product_brand?post=2386"},{"taxonomy":"product_cat","embeddable":true,"href":"https:\/\/jafep.com\/pt-pt\/wp-json\/wp\/v2\/product_cat?post=2386"},{"taxonomy":"product_tag","embeddable":true,"href":"https:\/\/jafep.com\/pt-pt\/wp-json\/wp\/v2\/product_tag?post=2386"}],"curies":[{"name":"wp","href":"https:\/\/api.w.org\/{rel}","templated":true}]}}