{"id":2385,"date":"2016-02-08T15:42:45","date_gmt":"2016-02-26T08:56:23","guid":{"rendered":"https:\/\/jafep.com\/?post_type=product&#038;p=2385"},"modified":"2023-06-23T11:43:01","modified_gmt":"2023-06-23T11:43:01","slug":"jafep-kil","status":"publish","type":"product","link":"https:\/\/jafep.com\/pt-pt\/producto\/jafep-kil\/","title":{"rendered":"Emuls\u00e3o de L\u00e1tex Concentrado Jafep Kil Vinil"},"content":{"rendered":"<p>L\u00e1tex altamente concentrado \u00e0 base de copol\u00edmeros vin\u00edlicos, adequado para a prepara\u00e7\u00e3o de paredes; para refor\u00e7ar tintas \u00e0 base de \u00e1gua baratas, t\u00eamperas e outras. Tamb\u00e9m como acabamento para dar brilho a massas picadas, gotel\u00e9, etc. <\/p>\n","protected":false},"excerpt":{"rendered":"<p>L\u00e1tex altamente concentrado \u00e0 base de copol\u00edmeros vin\u00edlicos, adequado para a prepara\u00e7\u00e3o de paredes; para refor\u00e7ar tintas \u00e0 base de \u00e1gua baratas, t\u00eamperas e outras. Tamb\u00e9m como acabamento para dar brilho a massas picadas, gotel\u00e9, etc.<\/p>\n","protected":false},"featured_media":82751,"comment_status":"closed","ping_status":"closed","template":"","meta":{"_acf_changed":false,"_links_to":"","_links_to_target":""},"product_brand":[],"product_cat":[537,1244],"product_tag":[],"class_list":{"0":"post-2385","1":"product","2":"type-product","3":"status-publish","4":"has-post-thumbnail","6":"product_cat-complementos-pt-pt-2","7":"product_cat-preparaciones-y-fondos-pt-pt","8":"pa_formatos-15l-pt-pt","9":"pa_formatos-4l-pt-pt","10":"pa_formatos-750ml-pt-pt","11":"pa_herramientas-airless-pt-pt","12":"pa_herramientas-brocha-pt-pt","13":"pa_herramientas-pistola-pt-pt","14":"pa_herramientas-rodillo-pt-pt","15":"pa_iconos-34-rendimiento-de-10-12-m2l-pt-pt","16":"pa_iconos-46-interior-pt-pt","17":"pa_iconos-base-agua-pt-pt","18":"pa_iconos-brillante-pt-pt","20":"first","21":"instock","22":"shipping-taxable","23":"product-type-simple"},"acf":[],"_links":{"self":[{"href":"https:\/\/jafep.com\/pt-pt\/wp-json\/wp\/v2\/product\/2385","targetHints":{"allow":["GET"]}}],"collection":[{"href":"https:\/\/jafep.com\/pt-pt\/wp-json\/wp\/v2\/product"}],"about":[{"href":"https:\/\/jafep.com\/pt-pt\/wp-json\/wp\/v2\/types\/product"}],"replies":[{"embeddable":true,"href":"https:\/\/jafep.com\/pt-pt\/wp-json\/wp\/v2\/comments?post=2385"}],"wp:featuredmedia":[{"embeddable":true,"href":"https:\/\/jafep.com\/pt-pt\/wp-json\/wp\/v2\/media\/82751"}],"wp:attachment":[{"href":"https:\/\/jafep.com\/pt-pt\/wp-json\/wp\/v2\/media?parent=2385"}],"wp:term":[{"taxonomy":"product_brand","embeddable":true,"href":"https:\/\/jafep.com\/pt-pt\/wp-json\/wp\/v2\/product_brand?post=2385"},{"taxonomy":"product_cat","embeddable":true,"href":"https:\/\/jafep.com\/pt-pt\/wp-json\/wp\/v2\/product_cat?post=2385"},{"taxonomy":"product_tag","embeddable":true,"href":"https:\/\/jafep.com\/pt-pt\/wp-json\/wp\/v2\/product_tag?post=2385"}],"curies":[{"name":"wp","href":"https:\/\/api.w.org\/{rel}","templated":true}]}}