{"id":2384,"date":"2016-02-05T09:19:51","date_gmt":"2016-02-26T08:54:57","guid":{"rendered":"https:\/\/jafep.com\/?post_type=product&#038;p=2384"},"modified":"2023-06-23T09:55:13","modified_gmt":"2023-06-23T09:55:13","slug":"sellaprim-exteriores-2","status":"publish","type":"product","link":"https:\/\/jafep.com\/pt-pt\/producto\/sellaprim-exteriores-2\/","title":{"rendered":"Sellaprim Exteriores. Prim\u00e1rio Selante Aquoso Pigmentado"},"content":{"rendered":"<p>Produto \u00e0 base de resinas acr\u00edlicas em emuls\u00e3o, especialmente desenvolvido como prim\u00e1rio para aplica\u00e7\u00e3o sobre os mais diversos suportes, tanto novos como antigos.<\/p>\n<p>Produz uma pel\u00edcula isolante, opaca e mate que elimina as diferen\u00e7as de absor\u00e7\u00e3o do suporte antes da aplica\u00e7\u00e3o das tintas de acabamento. \u00c9 tamb\u00e9m um isolante eficaz de muitos tipos de manchas. <\/p>\n","protected":false},"excerpt":{"rendered":"<p>Produto \u00e0 base de resinas acr\u00edlicas em emuls\u00e3o, especialmente desenvolvido como prim\u00e1rio para aplica\u00e7\u00e3o sobre os mais diversos suportes, tanto novos como antigos. Produz uma pel\u00edcula isolante, opaca e mate que elimina as diferen\u00e7as de absor\u00e7\u00e3o do suporte antes da aplica\u00e7\u00e3o das tintas de acabamento. \u00c9 tamb\u00e9m um isolante eficaz de muitos tipos de manchas.<\/p>\n","protected":false},"featured_media":82451,"comment_status":"closed","ping_status":"closed","template":"","meta":{"_acf_changed":false,"_links_to":"","_links_to_target":""},"product_brand":[],"product_cat":[537,1244],"product_tag":[],"class_list":{"0":"post-2384","1":"product","2":"type-product","3":"status-publish","4":"has-post-thumbnail","6":"product_cat-complementos-pt-pt-2","7":"product_cat-preparaciones-y-fondos-pt-pt","8":"pa_formatos-15l-pt-pt","9":"pa_formatos-4l-pt-pt","10":"pa_herramientas-airless-pt-pt","11":"pa_herramientas-brocha-pt-pt","12":"pa_herramientas-pistola-pt-pt","13":"pa_herramientas-rodillo-fachadas-lana-oveja-20mm-pt-pt","14":"pa_herramientas-rodillo-fachadas-poliamida-extra-larga-de-20mm-pt-pt","15":"pa_herramientas-rodillo-fachadas-poliamida-larga-de-19mm-pt-pt","16":"pa_iconos-51-mate-60o-pt-pt","17":"pa_iconos-base-agua-pt-pt","18":"pa_iconos-exterior-pt-pt","19":"pa_iconos-listo-al-uso-pt-pt","20":"pa_iconos-mate-pt-pt","21":"pa_iconos-rendimiento-10-12-m2l-pt-pt","23":"first","24":"instock","25":"shipping-taxable","26":"product-type-simple"},"acf":[],"_links":{"self":[{"href":"https:\/\/jafep.com\/pt-pt\/wp-json\/wp\/v2\/product\/2384","targetHints":{"allow":["GET"]}}],"collection":[{"href":"https:\/\/jafep.com\/pt-pt\/wp-json\/wp\/v2\/product"}],"about":[{"href":"https:\/\/jafep.com\/pt-pt\/wp-json\/wp\/v2\/types\/product"}],"replies":[{"embeddable":true,"href":"https:\/\/jafep.com\/pt-pt\/wp-json\/wp\/v2\/comments?post=2384"}],"wp:featuredmedia":[{"embeddable":true,"href":"https:\/\/jafep.com\/pt-pt\/wp-json\/wp\/v2\/media\/82451"}],"wp:attachment":[{"href":"https:\/\/jafep.com\/pt-pt\/wp-json\/wp\/v2\/media?parent=2384"}],"wp:term":[{"taxonomy":"product_brand","embeddable":true,"href":"https:\/\/jafep.com\/pt-pt\/wp-json\/wp\/v2\/product_brand?post=2384"},{"taxonomy":"product_cat","embeddable":true,"href":"https:\/\/jafep.com\/pt-pt\/wp-json\/wp\/v2\/product_cat?post=2384"},{"taxonomy":"product_tag","embeddable":true,"href":"https:\/\/jafep.com\/pt-pt\/wp-json\/wp\/v2\/product_tag?post=2384"}],"curies":[{"name":"wp","href":"https:\/\/api.w.org\/{rel}","templated":true}]}}