{"id":2382,"date":"2016-02-05T09:12:29","date_gmt":"2016-02-26T08:53:39","guid":{"rendered":"https:\/\/jafep.com\/?post_type=product&#038;p=2382"},"modified":"2023-06-21T08:59:38","modified_gmt":"2023-06-21T08:59:38","slug":"sellasil-4","status":"publish","type":"product","link":"https:\/\/jafep.com\/pt-pt\/producto\/sellasil-4\/","title":{"rendered":"Sellasil. Prim\u00e1rio de silicato"},"content":{"rendered":"<p>Selante \u00e0 base de silicato de pot\u00e1ssio e emuls\u00f5es acr\u00edlicas com excelente penetra\u00e7\u00e3o e ader\u00eancia. Ideal para superf\u00edcies a serem revestidas com tintas de silicato. <\/p>\n","protected":false},"excerpt":{"rendered":"<p>Selante de silicato <\/p>\n","protected":false},"featured_media":82441,"comment_status":"closed","ping_status":"closed","template":"","meta":{"_acf_changed":false,"_links_to":"","_links_to_target":""},"product_brand":[],"product_cat":[1246,537,1244,1473],"product_tag":[],"class_list":{"0":"post-2382","1":"product","2":"type-product","3":"status-publish","4":"has-post-thumbnail","6":"product_cat-before-paint-pt-pt","7":"product_cat-complementos-pt-pt-2","8":"product_cat-preparaciones-y-fondos-pt-pt","9":"product_cat-selar","10":"pa_formatos-15l-pt-pt","11":"pa_formatos-5l-pt-pt","12":"pa_herramientas-brocha-pt-pt","13":"pa_herramientas-pistola-pt-pt","14":"pa_herramientas-rodillo-fachadas-lana-oveja-20mm-pt-pt","15":"pa_herramientas-rodillo-fachadas-poliamida-extra-larga-de-20mm-pt-pt","16":"pa_herramientas-rodillo-fachadas-poliamida-larga-de-19mm-pt-pt","17":"pa_iconos-33-rendimiento-8-10-m2l-pt-pt","18":"pa_iconos-41-brocha-rodillo-pistola-pt-pt","19":"pa_iconos-45-exterior-interior-pt-pt","20":"pa_iconos-base-agua-pt-pt","21":"pa_iconos-satinado-pt-pt","23":"first","24":"instock","25":"shipping-taxable","26":"product-type-simple"},"acf":[],"_links":{"self":[{"href":"https:\/\/jafep.com\/pt-pt\/wp-json\/wp\/v2\/product\/2382","targetHints":{"allow":["GET"]}}],"collection":[{"href":"https:\/\/jafep.com\/pt-pt\/wp-json\/wp\/v2\/product"}],"about":[{"href":"https:\/\/jafep.com\/pt-pt\/wp-json\/wp\/v2\/types\/product"}],"replies":[{"embeddable":true,"href":"https:\/\/jafep.com\/pt-pt\/wp-json\/wp\/v2\/comments?post=2382"}],"wp:featuredmedia":[{"embeddable":true,"href":"https:\/\/jafep.com\/pt-pt\/wp-json\/wp\/v2\/media\/82441"}],"wp:attachment":[{"href":"https:\/\/jafep.com\/pt-pt\/wp-json\/wp\/v2\/media?parent=2382"}],"wp:term":[{"taxonomy":"product_brand","embeddable":true,"href":"https:\/\/jafep.com\/pt-pt\/wp-json\/wp\/v2\/product_brand?post=2382"},{"taxonomy":"product_cat","embeddable":true,"href":"https:\/\/jafep.com\/pt-pt\/wp-json\/wp\/v2\/product_cat?post=2382"},{"taxonomy":"product_tag","embeddable":true,"href":"https:\/\/jafep.com\/pt-pt\/wp-json\/wp\/v2\/product_tag?post=2382"}],"curies":[{"name":"wp","href":"https:\/\/api.w.org\/{rel}","templated":true}]}}