{"id":2381,"date":"2015-09-03T10:59:49","date_gmt":"2015-09-03T10:59:49","guid":{"rendered":"https:\/\/jafep.com\/?post_type=product&#038;p=2381"},"modified":"2023-07-03T07:37:07","modified_gmt":"2023-07-03T07:37:07","slug":"sellacryl-5","status":"publish","type":"product","link":"https:\/\/jafep.com\/pt-pt\/producto\/sellacryl-5\/","title":{"rendered":"Sellacryl Verniz e Fixador Acr\u00edlico Penetrante"},"content":{"rendered":"<p>Verniz petrificante \u00e0 base de resinas acr\u00edlicas, muito adequado para a prepara\u00e7\u00e3o de superf\u00edcies porosas. Evita a penetra\u00e7\u00e3o da humidade no interior e elimina a humidade. Pode ser utilizado como selante de paredes, tijolos, tintas, etc. Produto 100% acr\u00edlico que, quando aplicado sobre o bet\u00e3o, impede a entrada de CO2 e, portanto, o processo de carbonata\u00e7\u00e3o. Com a dilui\u00e7\u00e3o adequada a cada caso, \u00e9 particularmente indicado para a prepara\u00e7\u00e3o de todo o tipo de materiais de constru\u00e7\u00e3o. <\/p>\n","protected":false},"excerpt":{"rendered":"<p>Selante Acr\u00edlico <\/p>\n","protected":false},"featured_media":82321,"comment_status":"closed","ping_status":"closed","template":"","meta":{"_acf_changed":false,"_links_to":"","_links_to_target":""},"product_brand":[],"product_cat":[1469,1245,1246,537,1244],"product_tag":[],"class_list":{"0":"post-2381","1":"product","2":"type-product","3":"status-publish","4":"has-post-thumbnail","6":"product_cat-antes-de-pintar-pt","7":"product_cat-antes-de-pintar-interiores-pt-pt","8":"product_cat-before-paint-pt-pt","9":"product_cat-complementos-pt-pt-2","10":"product_cat-preparaciones-y-fondos-pt-pt","11":"pa_formatos-4l-pt-pt","12":"pa_formatos-750ml-pt-pt","13":"pa_formatos-8l-pt-pt","14":"pa_herramientas-airless-pt-pt","15":"pa_herramientas-brocha-pt-pt","16":"pa_herramientas-brocha-esmalte-barniz-acrilico-microfibra-pt-pt","17":"pa_herramientas-pistola-pt-pt","18":"pa_herramientas-rodillo-esmalte-barniz-acrilico-microfibra-8-mm-pt-pt","19":"pa_iconos-34-rendimiento-de-10-12-m2l-pt-pt","20":"pa_iconos-45-exterior-interior-pt-pt","21":"pa_iconos-anticarbonatacion-pt-pt","22":"pa_iconos-base-agua-pt-pt","23":"pa_iconos-nanotec-pt-pt","24":"pa_iconos-satinado-pt-pt","26":"first","27":"instock","28":"shipping-taxable","29":"product-type-simple"},"acf":[],"_links":{"self":[{"href":"https:\/\/jafep.com\/pt-pt\/wp-json\/wp\/v2\/product\/2381","targetHints":{"allow":["GET"]}}],"collection":[{"href":"https:\/\/jafep.com\/pt-pt\/wp-json\/wp\/v2\/product"}],"about":[{"href":"https:\/\/jafep.com\/pt-pt\/wp-json\/wp\/v2\/types\/product"}],"replies":[{"embeddable":true,"href":"https:\/\/jafep.com\/pt-pt\/wp-json\/wp\/v2\/comments?post=2381"}],"wp:featuredmedia":[{"embeddable":true,"href":"https:\/\/jafep.com\/pt-pt\/wp-json\/wp\/v2\/media\/82321"}],"wp:attachment":[{"href":"https:\/\/jafep.com\/pt-pt\/wp-json\/wp\/v2\/media?parent=2381"}],"wp:term":[{"taxonomy":"product_brand","embeddable":true,"href":"https:\/\/jafep.com\/pt-pt\/wp-json\/wp\/v2\/product_brand?post=2381"},{"taxonomy":"product_cat","embeddable":true,"href":"https:\/\/jafep.com\/pt-pt\/wp-json\/wp\/v2\/product_cat?post=2381"},{"taxonomy":"product_tag","embeddable":true,"href":"https:\/\/jafep.com\/pt-pt\/wp-json\/wp\/v2\/product_tag?post=2381"}],"curies":[{"name":"wp","href":"https:\/\/api.w.org\/{rel}","templated":true}]}}