{"id":2378,"date":"2016-02-02T15:48:51","date_gmt":"2016-02-26T08:42:03","guid":{"rendered":"https:\/\/jafep.com\/?post_type=product&#038;p=2378"},"modified":"2023-05-04T09:42:19","modified_gmt":"2023-05-04T09:42:19","slug":"aceite-de-linaza-oleo-de-linhaca","status":"publish","type":"product","link":"https:\/\/jafep.com\/pt-pt\/producto\/aceite-de-linaza-oleo-de-linhaca\/","title":{"rendered":"\u00d3leo de Linha\u00e7a com secagem"},"content":{"rendered":"<p>\u00d3leos combinados com secantes para aplica\u00e7\u00e3o geral em madeira, tijolos \u00e0 vista, pavimentos e ladrilhos cer\u00e2micos porosos. Protege, nutre e embeleza. <\/p>\n","protected":false},"excerpt":{"rendered":"<p>\u00d3leos combinados com secantes para aplica\u00e7\u00e3o geral em madeira, tijolos \u00e0 vista, pavimentos e ladrilhos cer\u00e2micos porosos. Protege, nutre e embeleza.<\/p>\n","protected":false},"featured_media":82426,"comment_status":"closed","ping_status":"closed","template":"","meta":{"_acf_changed":false,"_links_to":"","_links_to_target":""},"product_brand":[],"product_cat":[849,711,850,1377],"product_tag":[],"class_list":{"0":"post-2378","1":"product","2":"type-product","3":"status-publish","4":"has-post-thumbnail","6":"product_cat-madera-pt-pt","7":"product_cat-productos-para-la-madera-pt-pt-2","8":"product_cat-proteger-pt-pt","9":"product_cat-tratamentos-para-madeira","10":"pa_formatos-5l-pt-pt","11":"pa_formatos-750ml-pt-pt","12":"pa_herramientas-airless-pt-pt","13":"pa_herramientas-brocha-pt-pt","14":"pa_herramientas-pistola-pt-pt","15":"pa_iconos-45-exterior-interior-pt-pt","16":"pa_iconos-brillante-pt-pt","17":"pa_iconos-rendimiento-15-18-m2-l-pt-pt","19":"first","20":"instock","21":"shipping-taxable","22":"product-type-simple"},"acf":[],"_links":{"self":[{"href":"https:\/\/jafep.com\/pt-pt\/wp-json\/wp\/v2\/product\/2378","targetHints":{"allow":["GET"]}}],"collection":[{"href":"https:\/\/jafep.com\/pt-pt\/wp-json\/wp\/v2\/product"}],"about":[{"href":"https:\/\/jafep.com\/pt-pt\/wp-json\/wp\/v2\/types\/product"}],"replies":[{"embeddable":true,"href":"https:\/\/jafep.com\/pt-pt\/wp-json\/wp\/v2\/comments?post=2378"}],"wp:featuredmedia":[{"embeddable":true,"href":"https:\/\/jafep.com\/pt-pt\/wp-json\/wp\/v2\/media\/82426"}],"wp:attachment":[{"href":"https:\/\/jafep.com\/pt-pt\/wp-json\/wp\/v2\/media?parent=2378"}],"wp:term":[{"taxonomy":"product_brand","embeddable":true,"href":"https:\/\/jafep.com\/pt-pt\/wp-json\/wp\/v2\/product_brand?post=2378"},{"taxonomy":"product_cat","embeddable":true,"href":"https:\/\/jafep.com\/pt-pt\/wp-json\/wp\/v2\/product_cat?post=2378"},{"taxonomy":"product_tag","embeddable":true,"href":"https:\/\/jafep.com\/pt-pt\/wp-json\/wp\/v2\/product_tag?post=2378"}],"curies":[{"name":"wp","href":"https:\/\/api.w.org\/{rel}","templated":true}]}}