{"id":2376,"date":"2016-02-02T15:41:03","date_gmt":"2016-02-26T08:38:53","guid":{"rendered":"https:\/\/jafep.com\/?post_type=product&#038;p=2376"},"modified":"2023-05-17T15:29:33","modified_gmt":"2023-05-17T15:29:33","slug":"laca-poliuretano-blanca-a-b-laca-poliuretano-branca-a-b","status":"publish","type":"product","link":"https:\/\/jafep.com\/pt-pt\/producto\/laca-poliuretano-blanca-a-b-laca-poliuretano-branca-a-b\/","title":{"rendered":"Laca Poliuretano Branco de Dois Componentes"},"content":{"rendered":"<p>\u00c9 um acabamento de poliuretano bi-componente para uso industrial, \u00e0 base de solventes, para m\u00f3veis de madeira. Caracteriza-se pela sua boa cobertura, boa elasticidade, excelente tacto e dureza. Est\u00e1 dispon\u00edvel nos seguintes acabamentos: Acetinado, Semi-Mate e Mate. <\/p>\n","protected":false},"excerpt":{"rendered":"<p>Laca Poliuretano Bi-componente <\/p>\n","protected":false},"featured_media":82416,"comment_status":"closed","ping_status":"closed","template":"","meta":{"_acf_changed":false,"_links_to":"","_links_to_target":""},"product_brand":[],"product_cat":[783,849,711,1374],"product_tag":[],"class_list":{"0":"post-2376","1":"product","2":"type-product","3":"status-publish","4":"has-post-thumbnail","6":"product_cat-lacar-pt-pt","7":"product_cat-madera-pt-pt","8":"product_cat-productos-para-la-madera-pt-pt-2","9":"product_cat-produtos-profissionais-para-madeira","10":"pa_herramientas-airless-pt-pt","11":"pa_herramientas-pistola-pt-pt","12":"pa_iconos-2-base-solvente-pt-pt","13":"pa_iconos-38-rendimiento-de-10-15-m2l-pt-pt","14":"pa_iconos-41-brocha-rodillo-pistola-pt-pt","15":"pa_iconos-46-interior-pt-pt","16":"pa_iconos-a-b-pt-pt","17":"pa_iconos-satinado-semimate-mate-pt-pt","18":"pa_iconos-uso-prof-titulado-pt-pt","20":"first","21":"instock","22":"shipping-taxable","23":"product-type-simple"},"acf":[],"_links":{"self":[{"href":"https:\/\/jafep.com\/pt-pt\/wp-json\/wp\/v2\/product\/2376","targetHints":{"allow":["GET"]}}],"collection":[{"href":"https:\/\/jafep.com\/pt-pt\/wp-json\/wp\/v2\/product"}],"about":[{"href":"https:\/\/jafep.com\/pt-pt\/wp-json\/wp\/v2\/types\/product"}],"replies":[{"embeddable":true,"href":"https:\/\/jafep.com\/pt-pt\/wp-json\/wp\/v2\/comments?post=2376"}],"wp:featuredmedia":[{"embeddable":true,"href":"https:\/\/jafep.com\/pt-pt\/wp-json\/wp\/v2\/media\/82416"}],"wp:attachment":[{"href":"https:\/\/jafep.com\/pt-pt\/wp-json\/wp\/v2\/media?parent=2376"}],"wp:term":[{"taxonomy":"product_brand","embeddable":true,"href":"https:\/\/jafep.com\/pt-pt\/wp-json\/wp\/v2\/product_brand?post=2376"},{"taxonomy":"product_cat","embeddable":true,"href":"https:\/\/jafep.com\/pt-pt\/wp-json\/wp\/v2\/product_cat?post=2376"},{"taxonomy":"product_tag","embeddable":true,"href":"https:\/\/jafep.com\/pt-pt\/wp-json\/wp\/v2\/product_tag?post=2376"}],"curies":[{"name":"wp","href":"https:\/\/api.w.org\/{rel}","templated":true}]}}