{"id":2374,"date":"2016-02-02T15:21:43","date_gmt":"2016-02-26T08:36:31","guid":{"rendered":"https:\/\/jafep.com\/?post_type=product&#038;p=2374"},"modified":"2023-05-17T10:43:56","modified_gmt":"2023-05-17T10:43:56","slug":"fondo-poliuretano-incoloro-a-b-fundo-poliuretano-incolor-a-b","status":"publish","type":"product","link":"https:\/\/jafep.com\/pt-pt\/producto\/fondo-poliuretano-incoloro-a-b-fundo-poliuretano-incolor-a-b\/","title":{"rendered":"Fundo Laca de Poliuretano Incolor de Dois Componentes"},"content":{"rendered":"<p>\u00c9 um fundo de poliuretano bi-componente para uso industrial, \u00e0 base de diluente, para m\u00f3veis de madeira. Caracteriza-se pela sua elevada cobertura e boa lixabilidade. <\/p>\n","protected":false},"excerpt":{"rendered":"<p>Fundo bi-componente incolor <\/p>\n","protected":false},"featured_media":82401,"comment_status":"closed","ping_status":"closed","template":"","meta":{"_acf_changed":false,"_links_to":"","_links_to_target":""},"product_brand":[],"product_cat":[852,849,711,1374],"product_tag":[],"class_list":{"0":"post-2374","1":"product","2":"type-product","3":"status-publish","4":"has-post-thumbnail","6":"product_cat-antes-de-pintar-madera-pt-pt","7":"product_cat-madera-pt-pt","8":"product_cat-productos-para-la-madera-pt-pt-2","9":"product_cat-produtos-profissionais-para-madeira","10":"pa_herramientas-airless-pt-pt","11":"pa_herramientas-pistola-pt-pt","12":"pa_iconos-2-base-solvente-pt-pt","13":"pa_iconos-46-interior-pt-pt","14":"pa_iconos-51-mate-60o-pt-pt","15":"pa_iconos-a-b-pt-pt","16":"pa_iconos-mate-pt-pt","17":"pa_iconos-rendimiento-8-12-m2l-pt-pt","18":"pa_iconos-uso-prof-titulado-pt-pt","20":"first","21":"instock","22":"shipping-taxable","23":"product-type-simple"},"acf":[],"_links":{"self":[{"href":"https:\/\/jafep.com\/pt-pt\/wp-json\/wp\/v2\/product\/2374","targetHints":{"allow":["GET"]}}],"collection":[{"href":"https:\/\/jafep.com\/pt-pt\/wp-json\/wp\/v2\/product"}],"about":[{"href":"https:\/\/jafep.com\/pt-pt\/wp-json\/wp\/v2\/types\/product"}],"replies":[{"embeddable":true,"href":"https:\/\/jafep.com\/pt-pt\/wp-json\/wp\/v2\/comments?post=2374"}],"wp:featuredmedia":[{"embeddable":true,"href":"https:\/\/jafep.com\/pt-pt\/wp-json\/wp\/v2\/media\/82401"}],"wp:attachment":[{"href":"https:\/\/jafep.com\/pt-pt\/wp-json\/wp\/v2\/media?parent=2374"}],"wp:term":[{"taxonomy":"product_brand","embeddable":true,"href":"https:\/\/jafep.com\/pt-pt\/wp-json\/wp\/v2\/product_brand?post=2374"},{"taxonomy":"product_cat","embeddable":true,"href":"https:\/\/jafep.com\/pt-pt\/wp-json\/wp\/v2\/product_cat?post=2374"},{"taxonomy":"product_tag","embeddable":true,"href":"https:\/\/jafep.com\/pt-pt\/wp-json\/wp\/v2\/product_tag?post=2374"}],"curies":[{"name":"wp","href":"https:\/\/api.w.org\/{rel}","templated":true}]}}