{"id":2373,"date":"2016-02-02T12:46:00","date_gmt":"2016-02-26T08:34:47","guid":{"rendered":"https:\/\/jafep.com\/?post_type=product&#038;p=2373"},"modified":"2016-03-15T15:25:51","modified_gmt":"2016-03-15T15:25:51","slug":"imprimacion-penetrante-para-la-madera-primario-penetrante-para-madeira","status":"publish","type":"product","link":"https:\/\/jafep.com\/pt-pt\/producto\/imprimacion-penetrante-para-la-madera-primario-penetrante-para-madeira\/","title":{"rendered":"IMPRIMACI\u00d3N PENETRANTE PARA LA MADERA (PRIM\u00c1RIO PENETRANTE PARA MADEIRA)"},"content":{"rendered":"<p>\u00c9 um produto formulado especialmente para a prepara\u00e7\u00e3o de madeira por impregna\u00e7\u00e3o e penetra\u00e7\u00e3o do mesmo, \u00e0 base de resinas alqu\u00eddicas longas em \u00f3leo, antes da utiliza\u00e7\u00e3o de vernizes e lasures. <\/p>\n","protected":false},"excerpt":{"rendered":"<p>\u00c9 um produto formulado especialmente para a prepara\u00e7\u00e3o de madeira por impregna\u00e7\u00e3o e penetra\u00e7\u00e3o do mesmo, \u00e0 base de resinas alqu\u00eddicas longas em \u00f3leo, antes da utiliza\u00e7\u00e3o de vernizes e lasures.<\/p>\n","protected":false},"featured_media":0,"comment_status":"closed","ping_status":"closed","template":"","meta":{"_acf_changed":false,"_links_to":"","_links_to_target":""},"product_brand":[],"product_cat":[852,849,711],"product_tag":[],"class_list":{"0":"post-2373","1":"product","2":"type-product","3":"status-publish","5":"product_cat-antes-de-pintar-madera-pt-pt","6":"product_cat-madera-pt-pt","7":"product_cat-productos-para-la-madera-pt-pt-2","8":"pa_formatos-20l-pt-pt","9":"pa_formatos-4l-pt-pt","10":"pa_formatos-750ml-pt-pt","11":"pa_herramientas-airless-pt-pt","12":"pa_herramientas-brocha-pt-pt","13":"pa_herramientas-pistola-pt-pt","14":"pa_iconos-2-base-solvente-pt-pt","16":"first","17":"instock","18":"shipping-taxable","19":"product-type-simple"},"acf":[],"_links":{"self":[{"href":"https:\/\/jafep.com\/pt-pt\/wp-json\/wp\/v2\/product\/2373","targetHints":{"allow":["GET"]}}],"collection":[{"href":"https:\/\/jafep.com\/pt-pt\/wp-json\/wp\/v2\/product"}],"about":[{"href":"https:\/\/jafep.com\/pt-pt\/wp-json\/wp\/v2\/types\/product"}],"replies":[{"embeddable":true,"href":"https:\/\/jafep.com\/pt-pt\/wp-json\/wp\/v2\/comments?post=2373"}],"wp:attachment":[{"href":"https:\/\/jafep.com\/pt-pt\/wp-json\/wp\/v2\/media?parent=2373"}],"wp:term":[{"taxonomy":"product_brand","embeddable":true,"href":"https:\/\/jafep.com\/pt-pt\/wp-json\/wp\/v2\/product_brand?post=2373"},{"taxonomy":"product_cat","embeddable":true,"href":"https:\/\/jafep.com\/pt-pt\/wp-json\/wp\/v2\/product_cat?post=2373"},{"taxonomy":"product_tag","embeddable":true,"href":"https:\/\/jafep.com\/pt-pt\/wp-json\/wp\/v2\/product_tag?post=2373"}],"curies":[{"name":"wp","href":"https:\/\/api.w.org\/{rel}","templated":true}]}}