{"id":2372,"date":"2016-02-26T08:33:34","date_gmt":"2016-02-26T08:33:34","guid":{"rendered":"https:\/\/jafep.com\/?post_type=product&#038;p=2372"},"modified":"2016-03-15T15:24:34","modified_gmt":"2016-03-15T15:24:34","slug":"lasur-2","status":"publish","type":"product","link":"https:\/\/jafep.com\/pt-pt\/producto\/lasur-2\/","title":{"rendered":"LASUR"},"content":{"rendered":"<p>Verniz de capa fina de aplica\u00e7\u00e3o interior e exterior, mas especialmente desenvolvido para o sistema de envernizamento exterior. \u00c9 muito flex\u00edvel e perme\u00e1vel ao vapor de \u00e1gua, o que permite transpirar a madeira. Est\u00e1 aditivado com um filtro solar de \u00faltima gera\u00e7\u00e3o para melhor protec\u00e7\u00e3o UV e na sua composi\u00e7\u00e3o figuram fungicidas e insecticidas que protegem a madeira de agentes biol\u00f3gicos. <\/p>\n","protected":false},"excerpt":{"rendered":"<p>Verniz de capa fina de aplica\u00e7\u00e3o interior e exterior, mas especialmente desenvolvido para o sistema de envernizamento exterior. \u00c9 muito flex\u00edvel e perme\u00e1vel ao vapor de \u00e1gua, o que permite transpirar a madeira. Est\u00e1 aditivado com um filtro solar de \u00faltima gera\u00e7\u00e3o para melhor protec\u00e7\u00e3o UV e na sua composi\u00e7\u00e3o figuram fungicidas e insecticidas que&#8230;<\/p>\n","protected":false},"featured_media":13801,"comment_status":"closed","ping_status":"closed","template":"","meta":{"_acf_changed":false,"_links_to":"","_links_to_target":""},"product_brand":[],"product_cat":[711,317],"product_tag":[],"class_list":{"0":"post-2372","1":"product","2":"type-product","3":"status-publish","4":"has-post-thumbnail","6":"product_cat-productos-para-la-madera-pt-pt-2","7":"product_cat-productos-para-la-madera-pt-pt","8":"pa_formatos-20l-pt-pt","9":"pa_formatos-375ml-pt-pt","10":"pa_formatos-4l-pt-pt","11":"pa_formatos-750ml-pt-pt","12":"pa_iconos-2-base-solvente-pt-pt","14":"first","15":"instock","16":"shipping-taxable","17":"product-type-simple"},"acf":[],"_links":{"self":[{"href":"https:\/\/jafep.com\/pt-pt\/wp-json\/wp\/v2\/product\/2372","targetHints":{"allow":["GET"]}}],"collection":[{"href":"https:\/\/jafep.com\/pt-pt\/wp-json\/wp\/v2\/product"}],"about":[{"href":"https:\/\/jafep.com\/pt-pt\/wp-json\/wp\/v2\/types\/product"}],"replies":[{"embeddable":true,"href":"https:\/\/jafep.com\/pt-pt\/wp-json\/wp\/v2\/comments?post=2372"}],"wp:featuredmedia":[{"embeddable":true,"href":"https:\/\/jafep.com\/pt-pt\/wp-json\/wp\/v2\/pages\/13801"}],"wp:attachment":[{"href":"https:\/\/jafep.com\/pt-pt\/wp-json\/wp\/v2\/media?parent=2372"}],"wp:term":[{"taxonomy":"product_brand","embeddable":true,"href":"https:\/\/jafep.com\/pt-pt\/wp-json\/wp\/v2\/product_brand?post=2372"},{"taxonomy":"product_cat","embeddable":true,"href":"https:\/\/jafep.com\/pt-pt\/wp-json\/wp\/v2\/product_cat?post=2372"},{"taxonomy":"product_tag","embeddable":true,"href":"https:\/\/jafep.com\/pt-pt\/wp-json\/wp\/v2\/product_tag?post=2372"}],"curies":[{"name":"wp","href":"https:\/\/api.w.org\/{rel}","templated":true}]}}