{"id":2370,"date":"2016-02-02T12:18:24","date_gmt":"2016-02-26T08:29:40","guid":{"rendered":"https:\/\/jafep.com\/?post_type=product&#038;p=2370"},"modified":"2023-05-03T08:02:14","modified_gmt":"2023-05-03T08:02:14","slug":"barniz-sintetico-exterior-verniz","status":"publish","type":"product","link":"https:\/\/jafep.com\/pt-pt\/producto\/barniz-sintetico-exterior-verniz\/","title":{"rendered":"Verniz Sint\u00e9tico Exterior"},"content":{"rendered":"<p>Verniz sint\u00e9tico para exteriores, que proporciona uma excelente prote\u00e7\u00e3o para a madeira. Tem boa ader\u00eancia e penetra\u00e7\u00e3o, com grande escovabilidade. O seu acabamento \u00e9 transparente. <\/p>\n","protected":false},"excerpt":{"rendered":"<p>Verniz alqu\u00eddico <\/p>\n","protected":false},"featured_media":82371,"comment_status":"closed","ping_status":"closed","template":"","meta":{"_acf_changed":false,"_links_to":"","_links_to_target":""},"product_brand":[],"product_cat":[1524,849,711,1360],"product_tag":[],"class_list":{"0":"post-2370","1":"product","2":"type-product","3":"status-publish","4":"has-post-thumbnail","6":"product_cat-envernizar","7":"product_cat-madera-pt-pt","8":"product_cat-productos-para-la-madera-pt-pt-2","9":"product_cat-verniz","10":"pa_formatos-375ml-pt-pt","11":"pa_formatos-4l-pt-pt","12":"pa_formatos-750ml-pt-pt","13":"pa_herramientas-airless-pt-pt","14":"pa_herramientas-brocha-pt-pt","15":"pa_herramientas-brocha-esmalte-barniz-acrilico-microfibra-pt-pt","16":"pa_herramientas-pistola-pt-pt","17":"pa_iconos-2-base-solvente-pt-pt","18":"pa_iconos-base-tr","19":"pa_iconos-brillante-satinado-pt-pt","20":"pa_iconos-cartacolores","21":"pa_iconos-exterior-pt-pt","22":"pa_iconos-b-s1d0-pt-pt","23":"pa_iconos-rendimiento-10-14-m2-l-pt-pt","24":"pa_iconos-rendimiento-8-12-m2l-pt-pt","26":"first","27":"instock","28":"shipping-taxable","29":"product-type-simple"},"acf":[],"_links":{"self":[{"href":"https:\/\/jafep.com\/pt-pt\/wp-json\/wp\/v2\/product\/2370","targetHints":{"allow":["GET"]}}],"collection":[{"href":"https:\/\/jafep.com\/pt-pt\/wp-json\/wp\/v2\/product"}],"about":[{"href":"https:\/\/jafep.com\/pt-pt\/wp-json\/wp\/v2\/types\/product"}],"replies":[{"embeddable":true,"href":"https:\/\/jafep.com\/pt-pt\/wp-json\/wp\/v2\/comments?post=2370"}],"wp:featuredmedia":[{"embeddable":true,"href":"https:\/\/jafep.com\/pt-pt\/wp-json\/wp\/v2\/media\/82371"}],"wp:attachment":[{"href":"https:\/\/jafep.com\/pt-pt\/wp-json\/wp\/v2\/media?parent=2370"}],"wp:term":[{"taxonomy":"product_brand","embeddable":true,"href":"https:\/\/jafep.com\/pt-pt\/wp-json\/wp\/v2\/product_brand?post=2370"},{"taxonomy":"product_cat","embeddable":true,"href":"https:\/\/jafep.com\/pt-pt\/wp-json\/wp\/v2\/product_cat?post=2370"},{"taxonomy":"product_tag","embeddable":true,"href":"https:\/\/jafep.com\/pt-pt\/wp-json\/wp\/v2\/product_tag?post=2370"}],"curies":[{"name":"wp","href":"https:\/\/api.w.org\/{rel}","templated":true}]}}