{"id":2369,"date":"2016-02-02T12:25:44","date_gmt":"2016-02-26T08:28:31","guid":{"rendered":"https:\/\/jafep.com\/?post_type=product&#038;p=2369"},"modified":"2023-11-20T08:36:33","modified_gmt":"2023-11-20T08:36:33","slug":"barniz-marino-brillante-verniz-marinho-brilhante","status":"publish","type":"product","link":"https:\/\/jafep.com\/pt-pt\/producto\/barniz-marino-brillante-verniz-marinho-brilhante\/","title":{"rendered":"Verniz Mar\u00edtimo Brilhante"},"content":{"rendered":"<p>Verniz alqu\u00eddico modificado de alta qualidade com excelentes propriedades tais como: boa ader\u00eancia, penetra\u00e7\u00e3o e humedecimento. Boa resist\u00eancia aos agentes atmosf\u00e9ricos e ambientais. Elevada flexibilidade e dureza superficial. <\/p>\n","protected":false},"excerpt":{"rendered":"<p>Verniz alqu\u00eddico <\/p>\n","protected":false},"featured_media":82376,"comment_status":"closed","ping_status":"closed","template":"","meta":{"_acf_changed":false,"_links_to":"","_links_to_target":""},"product_brand":[],"product_cat":[1524,849,711,850,1360],"product_tag":[],"class_list":{"0":"post-2369","1":"product","2":"type-product","3":"status-publish","4":"has-post-thumbnail","6":"product_cat-envernizar","7":"product_cat-madera-pt-pt","8":"product_cat-productos-para-la-madera-pt-pt-2","9":"product_cat-proteger-pt-pt","10":"product_cat-verniz","11":"pa_formatos-375ml-pt-pt","12":"pa_formatos-4l-pt-pt","13":"pa_formatos-750ml-pt-pt","14":"pa_herramientas-airless-pt-pt","15":"pa_herramientas-brocha-pt-pt","16":"pa_herramientas-brocha-esmalte-barniz-acrilico-microfibra-pt-pt","17":"pa_herramientas-pistola-pt-pt","18":"pa_iconos-2-base-solvente-pt-pt","19":"pa_iconos-45-exterior-interior-pt-pt","20":"pa_iconos-base-tr","21":"pa_iconos-brillante-pt-pt","22":"pa_iconos-cartacolores","23":"pa_iconos-rendimiento-15-m2-l-pt-pt","25":"first","26":"instock","27":"shipping-taxable","28":"product-type-simple"},"acf":[],"_links":{"self":[{"href":"https:\/\/jafep.com\/pt-pt\/wp-json\/wp\/v2\/product\/2369","targetHints":{"allow":["GET"]}}],"collection":[{"href":"https:\/\/jafep.com\/pt-pt\/wp-json\/wp\/v2\/product"}],"about":[{"href":"https:\/\/jafep.com\/pt-pt\/wp-json\/wp\/v2\/types\/product"}],"replies":[{"embeddable":true,"href":"https:\/\/jafep.com\/pt-pt\/wp-json\/wp\/v2\/comments?post=2369"}],"wp:featuredmedia":[{"embeddable":true,"href":"https:\/\/jafep.com\/pt-pt\/wp-json\/wp\/v2\/media\/82376"}],"wp:attachment":[{"href":"https:\/\/jafep.com\/pt-pt\/wp-json\/wp\/v2\/media?parent=2369"}],"wp:term":[{"taxonomy":"product_brand","embeddable":true,"href":"https:\/\/jafep.com\/pt-pt\/wp-json\/wp\/v2\/product_brand?post=2369"},{"taxonomy":"product_cat","embeddable":true,"href":"https:\/\/jafep.com\/pt-pt\/wp-json\/wp\/v2\/product_cat?post=2369"},{"taxonomy":"product_tag","embeddable":true,"href":"https:\/\/jafep.com\/pt-pt\/wp-json\/wp\/v2\/product_tag?post=2369"}],"curies":[{"name":"wp","href":"https:\/\/api.w.org\/{rel}","templated":true}]}}