{"id":2367,"date":"2016-02-02T12:00:52","date_gmt":"2016-02-26T08:26:05","guid":{"rendered":"https:\/\/jafep.com\/?post_type=product&#038;p=2367"},"modified":"2016-03-15T15:17:14","modified_gmt":"2016-03-15T15:17:14","slug":"barniz-tinte-verniz-corante","status":"publish","type":"product","link":"https:\/\/jafep.com\/pt-pt\/producto\/barniz-tinte-verniz-corante\/","title":{"rendered":"BARNIZ TINTE (VERNIZ CORANTE)"},"content":{"rendered":"<p>Verniz corante, \u00e1 base de resinas alqu\u00eddicas, com boa ader\u00eancia, brochabilidade e penetra\u00e7\u00e3o, resistente e de secagem r\u00e1pida. Apresenta um acabamento transparente de alta decora\u00e7\u00e3o. <\/p>\n","protected":false},"excerpt":{"rendered":"<p>Verniz corante, \u00e1 base de resinas alqu\u00eddicas, com boa ader\u00eancia, brochabilidade e penetra\u00e7\u00e3o, resistente e de secagem r\u00e1pida. Apresenta um acabamento transparente de alta decora\u00e7\u00e3o.<\/p>\n","protected":false},"featured_media":0,"comment_status":"closed","ping_status":"closed","template":"","meta":{"_acf_changed":false,"_links_to":"","_links_to_target":""},"product_brand":[],"product_cat":[711],"product_tag":[],"class_list":{"0":"post-2367","1":"product","2":"type-product","3":"status-publish","5":"product_cat-productos-para-la-madera-pt-pt-2","6":"pa_formatos-375ml-pt-pt","7":"pa_formatos-750ml-pt-pt","8":"pa_herramientas-brocha-esmalte-barniz-acrilico-microfibra-pt-pt","9":"pa_iconos-2-base-solvente-pt-pt","11":"first","12":"instock","13":"shipping-taxable","14":"product-type-simple"},"acf":[],"_links":{"self":[{"href":"https:\/\/jafep.com\/pt-pt\/wp-json\/wp\/v2\/product\/2367","targetHints":{"allow":["GET"]}}],"collection":[{"href":"https:\/\/jafep.com\/pt-pt\/wp-json\/wp\/v2\/product"}],"about":[{"href":"https:\/\/jafep.com\/pt-pt\/wp-json\/wp\/v2\/types\/product"}],"replies":[{"embeddable":true,"href":"https:\/\/jafep.com\/pt-pt\/wp-json\/wp\/v2\/comments?post=2367"}],"wp:attachment":[{"href":"https:\/\/jafep.com\/pt-pt\/wp-json\/wp\/v2\/media?parent=2367"}],"wp:term":[{"taxonomy":"product_brand","embeddable":true,"href":"https:\/\/jafep.com\/pt-pt\/wp-json\/wp\/v2\/product_brand?post=2367"},{"taxonomy":"product_cat","embeddable":true,"href":"https:\/\/jafep.com\/pt-pt\/wp-json\/wp\/v2\/product_cat?post=2367"},{"taxonomy":"product_tag","embeddable":true,"href":"https:\/\/jafep.com\/pt-pt\/wp-json\/wp\/v2\/product_tag?post=2367"}],"curies":[{"name":"wp","href":"https:\/\/api.w.org\/{rel}","templated":true}]}}