{"id":2366,"date":"2014-06-12T11:53:16","date_gmt":"2014-06-12T11:53:16","guid":{"rendered":"https:\/\/jafep.com\/?post_type=product&#038;p=2366"},"modified":"2023-04-26T07:22:15","modified_gmt":"2023-04-26T07:22:15","slug":"piscinas-clorocaucho-sport-jafep","status":"publish","type":"product","link":"https:\/\/jafep.com\/pt-pt\/producto\/piscinas-clorocaucho-sport-jafep\/","title":{"rendered":"Piscinas Cloro-borracha  Sport"},"content":{"rendered":"<p class=\"MsoNormal\">Tinta para piscinas \u00e0 base de resinas acr\u00edlicas em fase diluente, secagem r\u00e1pida, aspeto mate-seda e excelente ader\u00eancia em superf\u00edcies de cimento, bet\u00e3o, etc.<\/p>\n","protected":false},"excerpt":{"rendered":"<p>Tinta cloro-acr\u00edlica diluente <\/p>\n","protected":false},"featured_media":82261,"comment_status":"closed","ping_status":"closed","template":"","meta":{"_acf_changed":false,"_links_to":"","_links_to_target":""},"product_brand":[],"product_cat":[761,682],"product_tag":[],"class_list":{"0":"post-2366","1":"product","2":"type-product","3":"status-publish","4":"has-post-thumbnail","6":"product_cat-linea-deportiva-pt-pt-3","7":"product_cat-pintar-la-piscina-pt-pt","8":"pa_formatos-15l-pt-pt","9":"pa_formatos-4l-pt-pt","10":"pa_herramientas-airless-pt-pt","11":"pa_herramientas-brocha-pt-pt","12":"pa_herramientas-pistola-pt-pt","13":"pa_herramientas-rodillo-pt-pt","14":"pa_herramientas-rodillo-fachadas-lana-oveja-20mm-pt-pt","15":"pa_herramientas-rodillo-fachadas-poliamida-extra-larga-de-20mm-pt-pt","16":"pa_herramientas-rodillo-fachadas-poliamida-larga-de-19mm-pt-pt","17":"pa_iconos-2-base-solvente-pt-pt","18":"pa_iconos-45-exterior-interior-pt-pt","19":"pa_iconos-cartacolores","20":"pa_iconos-rendimiento-14-15-m2-l-pt-pt","21":"pa_iconos-satinado-pt-pt","23":"first","24":"instock","25":"shipping-taxable","26":"product-type-simple"},"acf":[],"_links":{"self":[{"href":"https:\/\/jafep.com\/pt-pt\/wp-json\/wp\/v2\/product\/2366","targetHints":{"allow":["GET"]}}],"collection":[{"href":"https:\/\/jafep.com\/pt-pt\/wp-json\/wp\/v2\/product"}],"about":[{"href":"https:\/\/jafep.com\/pt-pt\/wp-json\/wp\/v2\/types\/product"}],"replies":[{"embeddable":true,"href":"https:\/\/jafep.com\/pt-pt\/wp-json\/wp\/v2\/comments?post=2366"}],"wp:featuredmedia":[{"embeddable":true,"href":"https:\/\/jafep.com\/pt-pt\/wp-json\/wp\/v2\/media\/82261"}],"wp:attachment":[{"href":"https:\/\/jafep.com\/pt-pt\/wp-json\/wp\/v2\/media?parent=2366"}],"wp:term":[{"taxonomy":"product_brand","embeddable":true,"href":"https:\/\/jafep.com\/pt-pt\/wp-json\/wp\/v2\/product_brand?post=2366"},{"taxonomy":"product_cat","embeddable":true,"href":"https:\/\/jafep.com\/pt-pt\/wp-json\/wp\/v2\/product_cat?post=2366"},{"taxonomy":"product_tag","embeddable":true,"href":"https:\/\/jafep.com\/pt-pt\/wp-json\/wp\/v2\/product_tag?post=2366"}],"curies":[{"name":"wp","href":"https:\/\/api.w.org\/{rel}","templated":true}]}}