{"id":2365,"date":"2016-02-08T15:33:27","date_gmt":"2016-02-26T08:21:24","guid":{"rendered":"https:\/\/jafep.com\/?post_type=product&#038;p=2365"},"modified":"2023-04-20T07:13:32","modified_gmt":"2023-04-20T07:13:32","slug":"antimanchas-al-agua-anti-manchas-de-agua","status":"publish","type":"product","link":"https:\/\/jafep.com\/pt-pt\/producto\/antimanchas-al-agua-anti-manchas-de-agua\/","title":{"rendered":"Anti-manchas Aquoso"},"content":{"rendered":"<p>Tinta feita a partir de resinas acr\u00edlicas especiais modificadas, que pela sua natureza forma uma pel\u00edcula que isola e elimina manchas de humidade, \u00f3xidos, fumo, etc. <\/p>\n","protected":false},"excerpt":{"rendered":"<p>Tinta anti-manchas aquoso <\/p>\n","protected":false},"featured_media":82746,"comment_status":"closed","ping_status":"closed","template":"","meta":{"_acf_changed":false,"_links_to":"","_links_to_target":""},"product_brand":[],"product_cat":[1310,469,454],"product_tag":[],"class_list":{"0":"post-2365","1":"product","2":"type-product","3":"status-publish","4":"has-post-thumbnail","6":"product_cat-esmaltes-primarios-e-selantes","7":"product_cat-preparacoes-de-agua","8":"product_cat-sub-capas","9":"pa_formatos-15l-pt-pt","10":"pa_formatos-4l-pt-pt","11":"pa_formatos-750ml-pt-pt","12":"pa_herramientas-brocha-pt-pt","13":"pa_herramientas-rodillo-pt-pt","14":"pa_herramientas-rodillo-interior-poliamida-de-11mm-pt","15":"pa_herramientas-rodillo-interior-100-microfibra-de-11mm-pt","16":"pa_iconos-40-brocha-rodillo-pt-pt","17":"pa_iconos-46-interior-pt-pt","18":"pa_iconos-base-agua-pt-pt","19":"pa_iconos-mate-pt-pt","20":"pa_iconos-producto-al-agua-pt-pt","21":"pa_iconos-rendimiento-7-9-m2l-pt-pt","23":"first","24":"instock","25":"shipping-taxable","26":"product-type-simple"},"acf":[],"_links":{"self":[{"href":"https:\/\/jafep.com\/pt-pt\/wp-json\/wp\/v2\/product\/2365","targetHints":{"allow":["GET"]}}],"collection":[{"href":"https:\/\/jafep.com\/pt-pt\/wp-json\/wp\/v2\/product"}],"about":[{"href":"https:\/\/jafep.com\/pt-pt\/wp-json\/wp\/v2\/types\/product"}],"replies":[{"embeddable":true,"href":"https:\/\/jafep.com\/pt-pt\/wp-json\/wp\/v2\/comments?post=2365"}],"wp:featuredmedia":[{"embeddable":true,"href":"https:\/\/jafep.com\/pt-pt\/wp-json\/wp\/v2\/media\/82746"}],"wp:attachment":[{"href":"https:\/\/jafep.com\/pt-pt\/wp-json\/wp\/v2\/media?parent=2365"}],"wp:term":[{"taxonomy":"product_brand","embeddable":true,"href":"https:\/\/jafep.com\/pt-pt\/wp-json\/wp\/v2\/product_brand?post=2365"},{"taxonomy":"product_cat","embeddable":true,"href":"https:\/\/jafep.com\/pt-pt\/wp-json\/wp\/v2\/product_cat?post=2365"},{"taxonomy":"product_tag","embeddable":true,"href":"https:\/\/jafep.com\/pt-pt\/wp-json\/wp\/v2\/product_tag?post=2365"}],"curies":[{"name":"wp","href":"https:\/\/api.w.org\/{rel}","templated":true}]}}