{"id":2364,"date":"2015-09-08T07:32:53","date_gmt":"2016-02-26T08:20:13","guid":{"rendered":"https:\/\/jafep.com\/?post_type=product&#038;p=2364"},"modified":"2023-04-19T10:54:36","modified_gmt":"2023-04-19T10:54:36","slug":"selladora-al-agua-sub-capa-de-agua","status":"publish","type":"product","link":"https:\/\/jafep.com\/pt-pt\/producto\/selladora-al-agua-sub-capa-de-agua\/","title":{"rendered":"Selante Aquoso"},"content":{"rendered":"<p>Prim\u00e1rio selante para madeira, gesso, gesso, etc. que oferece uma prote\u00e7\u00e3o adequada com uma aplica\u00e7\u00e3o f\u00e1cil, antes da pintura com esmaltes e tintas de acabamento aquosas. <\/p>\n","protected":false},"excerpt":{"rendered":"<p>Prim\u00e1rio selante aquoso <\/p>\n","protected":false},"featured_media":82331,"comment_status":"closed","ping_status":"closed","template":"","meta":{"_acf_changed":false,"_links_to":"","_links_to_target":""},"product_brand":[],"product_cat":[1469,1245,1522,1246,852,1310,454],"product_tag":[],"class_list":{"0":"post-2364","1":"product","2":"type-product","3":"status-publish","4":"has-post-thumbnail","6":"product_cat-antes-de-pintar-pt","7":"product_cat-antes-de-pintar-interiores-pt-pt","8":"product_cat-antes-de-pintar","9":"product_cat-before-paint-pt-pt","10":"product_cat-antes-de-pintar-madera-pt-pt","11":"product_cat-esmaltes-primarios-e-selantes","12":"product_cat-sub-capas","13":"pa_formatos-4l-pt-pt","14":"pa_formatos-750ml-pt-pt","15":"pa_herramientas-airless-pt-pt","16":"pa_herramientas-brocha-pt-pt","17":"pa_herramientas-pistola-pt-pt","18":"pa_herramientas-rodillo-pt-pt","19":"pa_iconos-33-rendimiento-8-10-m2l-pt-pt","20":"pa_iconos-45-exterior-interior-pt-pt","21":"pa_iconos-base-agua-pt-pt","22":"pa_iconos-mate-pt-pt","23":"pa_iconos-producto-al-agua-pt-pt","25":"first","26":"instock","27":"shipping-taxable","28":"product-type-simple"},"acf":[],"_links":{"self":[{"href":"https:\/\/jafep.com\/pt-pt\/wp-json\/wp\/v2\/product\/2364","targetHints":{"allow":["GET"]}}],"collection":[{"href":"https:\/\/jafep.com\/pt-pt\/wp-json\/wp\/v2\/product"}],"about":[{"href":"https:\/\/jafep.com\/pt-pt\/wp-json\/wp\/v2\/types\/product"}],"replies":[{"embeddable":true,"href":"https:\/\/jafep.com\/pt-pt\/wp-json\/wp\/v2\/comments?post=2364"}],"wp:featuredmedia":[{"embeddable":true,"href":"https:\/\/jafep.com\/pt-pt\/wp-json\/wp\/v2\/media\/82331"}],"wp:attachment":[{"href":"https:\/\/jafep.com\/pt-pt\/wp-json\/wp\/v2\/media?parent=2364"}],"wp:term":[{"taxonomy":"product_brand","embeddable":true,"href":"https:\/\/jafep.com\/pt-pt\/wp-json\/wp\/v2\/product_brand?post=2364"},{"taxonomy":"product_cat","embeddable":true,"href":"https:\/\/jafep.com\/pt-pt\/wp-json\/wp\/v2\/product_cat?post=2364"},{"taxonomy":"product_tag","embeddable":true,"href":"https:\/\/jafep.com\/pt-pt\/wp-json\/wp\/v2\/product_tag?post=2364"}],"curies":[{"name":"wp","href":"https:\/\/api.w.org\/{rel}","templated":true}]}}