{"id":2363,"date":"2015-09-03T08:06:50","date_gmt":"2016-02-26T08:19:09","guid":{"rendered":"https:\/\/jafep.com\/?post_type=product&#038;p=2363"},"modified":"2023-04-19T11:10:44","modified_gmt":"2023-04-19T11:10:44","slug":"multiusos-al-agua-multiusos-de-agua","status":"publish","type":"product","link":"https:\/\/jafep.com\/pt-pt\/producto\/multiusos-al-agua-multiusos-de-agua\/","title":{"rendered":"Multi-usos Aquoso"},"content":{"rendered":"<p>Protetor e secante antioxidante aquoso para metal, pl\u00e1stico, madeira, PVC, gesso, etc.<\/p>\n<p>\u00c0 base de resinas acr\u00edlicas especiais e pigmentos anticorrosivos capazes de proporcionar prote\u00e7\u00e3o adequada com f\u00e1cil aplica\u00e7\u00e3o, secagem r\u00e1pida e repintura com a maioria das tintas de acabamento. <\/p>\n","protected":false},"excerpt":{"rendered":"<p>Protetor e secante antioxidante aquoso para metal, pl\u00e1stico, madeira, PVC, gesso, etc. \u00c0 base de resinas acr\u00edlicas especiais e pigmentos anticorrosivos capazes de proporcionar prote\u00e7\u00e3o adequada com f\u00e1cil aplica\u00e7\u00e3o, secagem r\u00e1pida e repintura com a maioria das tintas de acabamento.<\/p>\n","protected":false},"featured_media":82316,"comment_status":"closed","ping_status":"closed","template":"","meta":{"_acf_changed":false,"_links_to":"","_links_to_target":""},"product_brand":[],"product_cat":[1522,1245,1246,852,1310,1472,1473,454],"product_tag":[],"class_list":{"0":"post-2363","1":"product","2":"type-product","3":"status-publish","4":"has-post-thumbnail","6":"product_cat-antes-de-pintar","7":"product_cat-antes-de-pintar-interiores-pt-pt","8":"product_cat-before-paint-pt-pt","9":"product_cat-antes-de-pintar-madera-pt-pt","10":"product_cat-esmaltes-primarios-e-selantes","11":"product_cat-primario","12":"product_cat-selar","13":"product_cat-sub-capas","14":"pa_formatos-4l-pt-pt","15":"pa_formatos-750ml-pt-pt","16":"pa_herramientas-airless-pt-pt","17":"pa_herramientas-brocha-pt-pt","18":"pa_herramientas-pistola-pt-pt","19":"pa_herramientas-rodillo-pt-pt","20":"pa_iconos-33-rendimiento-8-10-m2l-pt-pt","21":"pa_iconos-45-exterior-interior-pt-pt","22":"pa_iconos-base-agua-pt-pt","23":"pa_iconos-mate-pt-pt","24":"pa_iconos-producto-al-agua-pt-pt","26":"first","27":"instock","28":"shipping-taxable","29":"product-type-simple"},"acf":[],"_links":{"self":[{"href":"https:\/\/jafep.com\/pt-pt\/wp-json\/wp\/v2\/product\/2363","targetHints":{"allow":["GET"]}}],"collection":[{"href":"https:\/\/jafep.com\/pt-pt\/wp-json\/wp\/v2\/product"}],"about":[{"href":"https:\/\/jafep.com\/pt-pt\/wp-json\/wp\/v2\/types\/product"}],"replies":[{"embeddable":true,"href":"https:\/\/jafep.com\/pt-pt\/wp-json\/wp\/v2\/comments?post=2363"}],"wp:featuredmedia":[{"embeddable":true,"href":"https:\/\/jafep.com\/pt-pt\/wp-json\/wp\/v2\/media\/82316"}],"wp:attachment":[{"href":"https:\/\/jafep.com\/pt-pt\/wp-json\/wp\/v2\/media?parent=2363"}],"wp:term":[{"taxonomy":"product_brand","embeddable":true,"href":"https:\/\/jafep.com\/pt-pt\/wp-json\/wp\/v2\/product_brand?post=2363"},{"taxonomy":"product_cat","embeddable":true,"href":"https:\/\/jafep.com\/pt-pt\/wp-json\/wp\/v2\/product_cat?post=2363"},{"taxonomy":"product_tag","embeddable":true,"href":"https:\/\/jafep.com\/pt-pt\/wp-json\/wp\/v2\/product_tag?post=2363"}],"curies":[{"name":"wp","href":"https:\/\/api.w.org\/{rel}","templated":true}]}}