{"id":2361,"date":"2016-02-02T14:47:20","date_gmt":"2016-02-26T08:15:09","guid":{"rendered":"https:\/\/jafep.com\/?post_type=product&#038;p=2361"},"modified":"2016-03-15T15:31:25","modified_gmt":"2016-03-15T15:31:25","slug":"fondo-protector-aqua-fundo-protector","status":"publish","type":"product","link":"https:\/\/jafep.com\/pt-pt\/producto\/fondo-protector-aqua-fundo-protector\/","title":{"rendered":"FONDO PROTECTOR AQUA (FUNDO PROTECTOR)"},"content":{"rendered":"<p>asur de capa fina de aplica\u00e7\u00e3o em interior e exterior. \u00c9 muito flex\u00edvel e perme\u00e1vel ao vapor de \u00e1gua, permitindo que a madeira transpire. Protege e decora em condic\u00f5es e ambientes extremos. Cont\u00e9m aditivos filtrantes que protegem dos raios UV.<\/p>\n","protected":false},"excerpt":{"rendered":"<p>asur de capa fina de aplica\u00e7\u00e3o em interior e exterior. \u00c9 muito flex\u00edvel e perme\u00e1vel ao vapor de \u00e1gua, permitindo que a madeira transpire. Protege e decora em condic\u00f5es e ambientes extremos. Cont\u00e9m aditivos filtrantes que protegem dos raios UV.<\/p>\n","protected":false},"featured_media":0,"comment_status":"closed","ping_status":"closed","template":"","meta":{"_acf_changed":false,"_links_to":"","_links_to_target":""},"product_brand":[],"product_cat":[852,849,711],"product_tag":[],"class_list":{"0":"post-2361","1":"product","2":"type-product","3":"status-publish","5":"product_cat-antes-de-pintar-madera-pt-pt","6":"product_cat-madera-pt-pt","7":"product_cat-productos-para-la-madera-pt-pt-2","8":"pa_formatos-4l-pt-pt","9":"pa_formatos-750ml-pt-pt","10":"pa_herramientas-airless-pt-pt","11":"pa_herramientas-brocha-esmalte-barniz-acrilico-microfibra-pt-pt","12":"pa_herramientas-pistola-pt-pt","13":"pa_herramientas-rodillo-pt-pt","14":"pa_iconos-45-exterior-interior-pt-pt","15":"pa_iconos-base-agua-pt-pt","17":"first","18":"instock","19":"shipping-taxable","20":"product-type-simple"},"acf":[],"_links":{"self":[{"href":"https:\/\/jafep.com\/pt-pt\/wp-json\/wp\/v2\/product\/2361","targetHints":{"allow":["GET"]}}],"collection":[{"href":"https:\/\/jafep.com\/pt-pt\/wp-json\/wp\/v2\/product"}],"about":[{"href":"https:\/\/jafep.com\/pt-pt\/wp-json\/wp\/v2\/types\/product"}],"replies":[{"embeddable":true,"href":"https:\/\/jafep.com\/pt-pt\/wp-json\/wp\/v2\/comments?post=2361"}],"wp:attachment":[{"href":"https:\/\/jafep.com\/pt-pt\/wp-json\/wp\/v2\/media?parent=2361"}],"wp:term":[{"taxonomy":"product_brand","embeddable":true,"href":"https:\/\/jafep.com\/pt-pt\/wp-json\/wp\/v2\/product_brand?post=2361"},{"taxonomy":"product_cat","embeddable":true,"href":"https:\/\/jafep.com\/pt-pt\/wp-json\/wp\/v2\/product_cat?post=2361"},{"taxonomy":"product_tag","embeddable":true,"href":"https:\/\/jafep.com\/pt-pt\/wp-json\/wp\/v2\/product_tag?post=2361"}],"curies":[{"name":"wp","href":"https:\/\/api.w.org\/{rel}","templated":true}]}}