{"id":2360,"date":"2016-02-02T14:36:10","date_gmt":"2016-02-02T14:36:10","guid":{"rendered":"https:\/\/jafep.com\/?post_type=product&#038;p=2360"},"modified":"2023-05-09T14:41:14","modified_gmt":"2023-05-09T14:41:14","slug":"lasur-aqua-2","status":"publish","type":"product","link":"https:\/\/jafep.com\/pt-pt\/producto\/lasur-aqua-2\/","title":{"rendered":"Lasur Aqua"},"content":{"rendered":"<p>Lasur para aplica\u00e7\u00e3o em interiores e exteriores. \u00c9 muito flex\u00edvel e perme\u00e1vel ao vapor de \u00e1gua, o que permite que a madeira respire. Protege e decora em condi\u00e7\u00f5es e ambientes extremos. Cont\u00e9m aditivos filtrantes que protegem contra os raios UV. <\/p>\n","protected":false},"excerpt":{"rendered":"<p>Lasur aquoso <\/p>\n","protected":false},"featured_media":82396,"comment_status":"closed","ping_status":"closed","template":"","meta":{"_acf_changed":false,"_links_to":"","_links_to_target":""},"product_brand":[],"product_cat":[552,1524,1065,1368,849,784,1520,711,850,1398],"product_tag":[],"class_list":{"0":"post-2360","1":"product","2":"type-product","3":"status-publish","4":"has-post-thumbnail","6":"product_cat-sistema-tintometrico-multicolor","7":"product_cat-envernizar","8":"product_cat-exteriores-pt-pt","9":"product_cat-lasur-pt-pt","10":"product_cat-madera-pt-pt","11":"product_cat-mobiliario-de-jardin-pt-pt","12":"product_cat-mudar-o-tom-cor","13":"product_cat-productos-para-la-madera-pt-pt-2","14":"product_cat-proteger-pt-pt","15":"product_cat-sistemas-tintometricos-pt-pt-2","16":"pa_formatos-4l-pt-pt","17":"pa_formatos-750ml-pt-pt","18":"pa_herramientas-airless-pt-pt","19":"pa_herramientas-brocha-pt-pt","20":"pa_herramientas-pistola-pt-pt","21":"pa_herramientas-rodillo-pt-pt","22":"pa_iconos-45-exterior-interior-pt-pt","23":"pa_iconos-base-agua-pt-pt","24":"pa_iconos-base-tr","25":"pa_iconos-cartacolores","26":"pa_iconos-producto-al-agua-pt-pt","27":"pa_iconos-rendimiento-12-14-m2-l","28":"pa_iconos-satinado-pt-pt","30":"first","31":"instock","32":"shipping-taxable","33":"product-type-simple"},"acf":[],"_links":{"self":[{"href":"https:\/\/jafep.com\/pt-pt\/wp-json\/wp\/v2\/product\/2360","targetHints":{"allow":["GET"]}}],"collection":[{"href":"https:\/\/jafep.com\/pt-pt\/wp-json\/wp\/v2\/product"}],"about":[{"href":"https:\/\/jafep.com\/pt-pt\/wp-json\/wp\/v2\/types\/product"}],"replies":[{"embeddable":true,"href":"https:\/\/jafep.com\/pt-pt\/wp-json\/wp\/v2\/comments?post=2360"}],"wp:featuredmedia":[{"embeddable":true,"href":"https:\/\/jafep.com\/pt-pt\/wp-json\/wp\/v2\/media\/82396"}],"wp:attachment":[{"href":"https:\/\/jafep.com\/pt-pt\/wp-json\/wp\/v2\/media?parent=2360"}],"wp:term":[{"taxonomy":"product_brand","embeddable":true,"href":"https:\/\/jafep.com\/pt-pt\/wp-json\/wp\/v2\/product_brand?post=2360"},{"taxonomy":"product_cat","embeddable":true,"href":"https:\/\/jafep.com\/pt-pt\/wp-json\/wp\/v2\/product_cat?post=2360"},{"taxonomy":"product_tag","embeddable":true,"href":"https:\/\/jafep.com\/pt-pt\/wp-json\/wp\/v2\/product_tag?post=2360"}],"curies":[{"name":"wp","href":"https:\/\/api.w.org\/{rel}","templated":true}]}}