{"id":2359,"date":"2016-02-02T12:57:55","date_gmt":"2016-02-02T12:57:55","guid":{"rendered":"https:\/\/jafep.com\/?post_type=product&#038;p=2359"},"modified":"2025-08-21T16:59:00","modified_gmt":"2025-08-21T14:59:00","slug":"barniz-aqua-acrilico-verniz","status":"publish","type":"product","link":"https:\/\/jafep.com\/pt-pt\/producto\/barniz-aqua-acrilico-verniz\/","title":{"rendered":"Verniz Aqua Acrilico"},"content":{"rendered":"<p>Aqu\u00ed tienes la traducci\u00f3n al portugu\u00e9s de Portugal del texto:<br \/>Verniz \u00e0 base de \u00e1gua para aplica\u00e7\u00e3o principalmente em madeiras no exterior, embora tamb\u00e9m possa ser utilizado no interior. Protege e decora em condi\u00e7\u00f5es e ambientes extremos. Cont\u00e9m aditivos filtrantes que protegem dos raios UV.  <\/p>\n","protected":false},"excerpt":{"rendered":"<p>Verniz Aqua Acrilico<\/p>\n","protected":false},"featured_media":82391,"comment_status":"closed","ping_status":"closed","template":"","meta":{"_acf_changed":false,"_links_to":"","_links_to_target":""},"product_brand":[],"product_cat":[552,1524,1520,711,850,1398,1360],"product_tag":[],"class_list":{"0":"post-2359","1":"product","2":"type-product","3":"status-publish","4":"has-post-thumbnail","6":"product_cat-sistema-tintometrico-multicolor","7":"product_cat-envernizar","8":"product_cat-mudar-o-tom-cor","9":"product_cat-productos-para-la-madera-pt-pt-2","10":"product_cat-proteger-pt-pt","11":"product_cat-sistemas-tintometricos-pt-pt-2","12":"product_cat-verniz","13":"pa_formatos-4l-pt-pt","14":"pa_formatos-750ml-pt-pt","15":"pa_herramientas-airless-pt-pt","16":"pa_herramientas-brocha-pt-pt","17":"pa_herramientas-brocha-esmalte-barniz-acrilico-microfibra-pt-pt","18":"pa_herramientas-pistola-pt-pt","19":"pa_herramientas-rodillo-esmalte-barniz-acrilico-microfibra-8-mm-pt-pt","20":"pa_iconos-base-agua-pt-pt","21":"pa_iconos-base-tr","22":"pa_iconos-cartacolores","23":"pa_iconos-conservante-antimoho-sitema-atmh-pt-pt","24":"pa_iconos-exterior-pt-pt","25":"pa_iconos-producto-al-agua-pt-pt","26":"pa_iconos-b-s1d0-pt-pt","27":"pa_iconos-rendimiento-12-14-m2-l","29":"first","30":"instock","31":"shipping-taxable","32":"product-type-simple"},"acf":[],"_links":{"self":[{"href":"https:\/\/jafep.com\/pt-pt\/wp-json\/wp\/v2\/product\/2359","targetHints":{"allow":["GET"]}}],"collection":[{"href":"https:\/\/jafep.com\/pt-pt\/wp-json\/wp\/v2\/product"}],"about":[{"href":"https:\/\/jafep.com\/pt-pt\/wp-json\/wp\/v2\/types\/product"}],"replies":[{"embeddable":true,"href":"https:\/\/jafep.com\/pt-pt\/wp-json\/wp\/v2\/comments?post=2359"}],"wp:featuredmedia":[{"embeddable":true,"href":"https:\/\/jafep.com\/pt-pt\/wp-json\/wp\/v2\/media\/82391"}],"wp:attachment":[{"href":"https:\/\/jafep.com\/pt-pt\/wp-json\/wp\/v2\/media?parent=2359"}],"wp:term":[{"taxonomy":"product_brand","embeddable":true,"href":"https:\/\/jafep.com\/pt-pt\/wp-json\/wp\/v2\/product_brand?post=2359"},{"taxonomy":"product_cat","embeddable":true,"href":"https:\/\/jafep.com\/pt-pt\/wp-json\/wp\/v2\/product_cat?post=2359"},{"taxonomy":"product_tag","embeddable":true,"href":"https:\/\/jafep.com\/pt-pt\/wp-json\/wp\/v2\/product_tag?post=2359"}],"curies":[{"name":"wp","href":"https:\/\/api.w.org\/{rel}","templated":true}]}}