{"id":2358,"date":"2016-02-02T12:52:55","date_gmt":"2016-02-26T08:12:45","guid":{"rendered":"https:\/\/jafep.com\/?post_type=product&#038;p=2358"},"modified":"2025-07-30T16:10:41","modified_gmt":"2025-07-30T14:10:41","slug":"barniz-aqua-poliuretano-verniz","status":"publish","type":"product","link":"https:\/\/jafep.com\/pt-pt\/producto\/barniz-aqua-poliuretano-verniz\/","title":{"rendered":"Verniz Aqua Poliuretano"},"content":{"rendered":"<p>Verniz de poliuretano \u00e0 base de \u00e1gua especialmente formulado contra a abras\u00e3o, com elevada dureza e resist\u00eancia a riscos e impactos, ideal para a prote\u00e7\u00e3o de soalhos de madeira, pavimentos de corti\u00e7a, degraus de escada, etc. Apresenta tamb\u00e9m alta resist\u00eancia \u00e0 lavagem e excelente resist\u00eancia a produtos dom\u00e9sticos como caf\u00e9, vinho, azeite&#8230; <\/p>\n<p>&nbsp;<\/p>\n","protected":false},"excerpt":{"rendered":"<p>Verniz de poliuretano \u00e0 base de \u00e1guaBarniz poliuretano al agua<\/p>\n","protected":false},"featured_media":82386,"comment_status":"closed","ping_status":"closed","template":"","meta":{"_acf_changed":false,"_links_to":"","_links_to_target":""},"product_brand":[],"product_cat":[552,1524,849,711,850,1398,1360],"product_tag":[],"class_list":{"0":"post-2358","1":"product","2":"type-product","3":"status-publish","4":"has-post-thumbnail","6":"product_cat-sistema-tintometrico-multicolor","7":"product_cat-envernizar","8":"product_cat-madera-pt-pt","9":"product_cat-productos-para-la-madera-pt-pt-2","10":"product_cat-proteger-pt-pt","11":"product_cat-sistemas-tintometricos-pt-pt-2","12":"product_cat-verniz","13":"pa_formatos-4l-pt-pt","14":"pa_formatos-750ml-pt-pt","15":"pa_herramientas-airless-pt-pt","16":"pa_herramientas-brocha-pt-pt","17":"pa_herramientas-brocha-esmalte-barniz-acrilico-microfibra-pt-pt","18":"pa_herramientas-pistola-pt-pt","19":"pa_herramientas-rodillo-esmalte-barniz-acrilico-microfibra-8-mm-pt-pt","20":"pa_iconos-46-interior-pt-pt","21":"pa_iconos-base-agua-pt-pt","22":"pa_iconos-base-tr","23":"pa_iconos-brillante-pt-pt","24":"pa_iconos-cartacolores","25":"pa_iconos-producto-al-agua-pt-pt","26":"pa_iconos-rendimiento-12-14-m2-l","28":"first","29":"instock","30":"shipping-taxable","31":"product-type-simple"},"acf":[],"_links":{"self":[{"href":"https:\/\/jafep.com\/pt-pt\/wp-json\/wp\/v2\/product\/2358","targetHints":{"allow":["GET"]}}],"collection":[{"href":"https:\/\/jafep.com\/pt-pt\/wp-json\/wp\/v2\/product"}],"about":[{"href":"https:\/\/jafep.com\/pt-pt\/wp-json\/wp\/v2\/types\/product"}],"replies":[{"embeddable":true,"href":"https:\/\/jafep.com\/pt-pt\/wp-json\/wp\/v2\/comments?post=2358"}],"wp:featuredmedia":[{"embeddable":true,"href":"https:\/\/jafep.com\/pt-pt\/wp-json\/wp\/v2\/media\/82386"}],"wp:attachment":[{"href":"https:\/\/jafep.com\/pt-pt\/wp-json\/wp\/v2\/media?parent=2358"}],"wp:term":[{"taxonomy":"product_brand","embeddable":true,"href":"https:\/\/jafep.com\/pt-pt\/wp-json\/wp\/v2\/product_brand?post=2358"},{"taxonomy":"product_cat","embeddable":true,"href":"https:\/\/jafep.com\/pt-pt\/wp-json\/wp\/v2\/product_cat?post=2358"},{"taxonomy":"product_tag","embeddable":true,"href":"https:\/\/jafep.com\/pt-pt\/wp-json\/wp\/v2\/product_tag?post=2358"}],"curies":[{"name":"wp","href":"https:\/\/api.w.org\/{rel}","templated":true}]}}