{"id":2357,"date":"2016-02-09T07:36:51","date_gmt":"2016-02-26T08:11:23","guid":{"rendered":"https:\/\/jafep.com\/?post_type=product&#038;p=2357"},"modified":"2023-04-24T07:23:08","modified_gmt":"2023-04-24T07:23:08","slug":"pinecol-4","status":"publish","type":"product","link":"https:\/\/jafep.com\/pt-pt\/producto\/pinecol-4\/","title":{"rendered":"Pinecol"},"content":{"rendered":"<p>Tinta pl\u00e1stica mate baseada em resinas especificamente desenvolvidas. N\u00e3o cont\u00e9m formalde\u00eddo, coalescentes, solventes, amon\u00edaco ou outras subst\u00e2ncias vol\u00e1teis, o que lhe confere um baixo odor e nenhuma emiss\u00e3o de subst\u00e2ncias t\u00f3xicas ou nocivas para as pessoas ou para o ambiente. O acabamento \u00e9 mate, com excelente brancura, lavabilidade e cobertura. <\/p>\n","protected":false},"excerpt":{"rendered":"<p>Tinta pl\u00e1stica amiga do ambiente. <\/p>\n","protected":false},"featured_media":82756,"comment_status":"closed","ping_status":"closed","template":"","meta":{"_acf_changed":false,"_links_to":"","_links_to_target":""},"product_brand":[],"product_cat":[1350,1024],"product_tag":[],"class_list":{"0":"post-2357","1":"product","2":"type-product","3":"status-publish","4":"has-post-thumbnail","6":"product_cat-tintas-amigas-do-ambiente","7":"product_cat-pinturas-plasticas-pt-pt","8":"pa_formatos-15l-pt-pt","9":"pa_formatos-4l-pt-pt","10":"pa_herramientas-airless-pt-pt","11":"pa_herramientas-brocha-pt-pt","12":"pa_herramientas-pistola-pt-pt","13":"pa_herramientas-rodillo-interior-poliamida-de-11mm-pt","14":"pa_herramientas-rodillo-interior-100-microfibra-de-11mm-pt","15":"pa_iconos-34-rendimiento-de-10-12-m2l-pt-pt","16":"pa_iconos-45-exterior-interior-pt-pt","17":"pa_iconos-51-mate-60o-pt-pt","18":"pa_iconos-61-lavabilidad-nivel-2-pt-pt","19":"pa_iconos-base-agua-pt-pt","20":"pa_iconos-ecolabel-pt-pt","21":"pa_iconos-mate-pt-pt","22":"pa_iconos-mate3-5-pt-pt","24":"first","25":"instock","26":"shipping-taxable","27":"product-type-simple"},"acf":[],"_links":{"self":[{"href":"https:\/\/jafep.com\/pt-pt\/wp-json\/wp\/v2\/product\/2357","targetHints":{"allow":["GET"]}}],"collection":[{"href":"https:\/\/jafep.com\/pt-pt\/wp-json\/wp\/v2\/product"}],"about":[{"href":"https:\/\/jafep.com\/pt-pt\/wp-json\/wp\/v2\/types\/product"}],"replies":[{"embeddable":true,"href":"https:\/\/jafep.com\/pt-pt\/wp-json\/wp\/v2\/comments?post=2357"}],"wp:featuredmedia":[{"embeddable":true,"href":"https:\/\/jafep.com\/pt-pt\/wp-json\/wp\/v2\/media\/82756"}],"wp:attachment":[{"href":"https:\/\/jafep.com\/pt-pt\/wp-json\/wp\/v2\/media?parent=2357"}],"wp:term":[{"taxonomy":"product_brand","embeddable":true,"href":"https:\/\/jafep.com\/pt-pt\/wp-json\/wp\/v2\/product_brand?post=2357"},{"taxonomy":"product_cat","embeddable":true,"href":"https:\/\/jafep.com\/pt-pt\/wp-json\/wp\/v2\/product_cat?post=2357"},{"taxonomy":"product_tag","embeddable":true,"href":"https:\/\/jafep.com\/pt-pt\/wp-json\/wp\/v2\/product_tag?post=2357"}],"curies":[{"name":"wp","href":"https:\/\/api.w.org\/{rel}","templated":true}]}}